{"id":561,"date":"2026-04-03T07:15:30","date_gmt":"2026-04-03T07:15:30","guid":{"rendered":"https:\/\/laboreindustries.com\/tr\/?page_id=561"},"modified":"2026-04-06T07:32:36","modified_gmt":"2026-04-06T07:32:36","slug":"aixprocess","status":"publish","type":"page","link":"https:\/\/laboreindustries.com\/tr\/aixprocess\/","title":{"rendered":"AixProcess"},"content":{"rendered":"\t\t<div data-elementor-type=\"wp-page\" data-elementor-id=\"561\" class=\"elementor elementor-561\">\n\t\t\t\t\t\t\t\t\t<section class=\"elementor-section elementor-top-section elementor-element elementor-element-a677595 elementor-section-height-full elementor-section-content-middle elementor-section-full_width elementor-section-height-default elementor-section-items-middle\" data-id=\"a677595\" data-element_type=\"section\" data-settings=\"{&quot;background_background&quot;:&quot;slideshow&quot;,&quot;background_slideshow_gallery&quot;:[{&quot;id&quot;:563,&quot;url&quot;:&quot;https:\\\/\\\/laboreindustries.com\\\/tr\\\/wp-content\\\/uploads\\\/2026\\\/04\\\/d3e52e_192ee86d54ba44d59a515f8639d9639bmv2-2.webp&quot;}],&quot;background_slideshow_slide_duration&quot;:5000,&quot;background_slideshow_slide_transition&quot;:&quot;fade&quot;,&quot;background_slideshow_transition_duration&quot;:500}\">\n\t\t\t\t\t\t<div class=\"elementor-container elementor-column-gap-default\">\n\t\t\t\t\t<div class=\"elementor-column elementor-col-100 elementor-top-column elementor-element elementor-element-946ec4f\" data-id=\"946ec4f\" data-element_type=\"column\">\n\t\t\t<div class=\"elementor-widget-wrap elementor-element-populated\">\n\t\t\t\t\t\t\t\t<div class=\"elementor-element elementor-element-2bbd563 elementor-widget elementor-widget-text-editor\" data-id=\"2bbd563\" data-element_type=\"widget\" data-widget_type=\"text-editor.default\">\n\t\t\t\t<div class=\"elementor-widget-container\">\n\t\t\t<style>\/*! elementor - v3.12.0 - 29-03-2023 *\/\n.elementor-widget-text-editor.elementor-drop-cap-view-stacked .elementor-drop-cap{background-color:#69727d;color:#fff}.elementor-widget-text-editor.elementor-drop-cap-view-framed .elementor-drop-cap{color:#69727d;border:3px solid;background-color:transparent}.elementor-widget-text-editor:not(.elementor-drop-cap-view-default) .elementor-drop-cap{margin-top:8px}.elementor-widget-text-editor:not(.elementor-drop-cap-view-default) .elementor-drop-cap-letter{width:1em;height:1em}.elementor-widget-text-editor .elementor-drop-cap{float:left;text-align:center;line-height:1;font-size:50px}.elementor-widget-text-editor .elementor-drop-cap-letter{display:inline-block}<\/style>\t\t\t\t<h1 style=\"text-align: center;\"><span style=\"color: #ffffff;\"><span style=\"font-size: 60px;\"><b>\u00a0\u00a0<\/b><\/span><\/span><\/h1><h5 style=\"text-align: center;\"><span style=\"color: #ffffff;\"><strong style=\"font-size: 15px;\">Anasayfa \/ Aix Process<\/strong><\/span><\/h5>\t\t\t\t\t\t<\/div>\n\t\t\t\t<\/div>\n\t\t\t\t<div class=\"elementor-element elementor-element-49c373e elementor-widget elementor-widget-spacer\" data-id=\"49c373e\" data-element_type=\"widget\" data-widget_type=\"spacer.default\">\n\t\t\t\t<div class=\"elementor-widget-container\">\n\t\t\t<style>\/*! elementor - v3.12.0 - 29-03-2023 *\/\n.elementor-column .elementor-spacer-inner{height:var(--spacer-size)}.e-con{--container-widget-width:100%}.e-con-inner>.elementor-widget-spacer,.e-con>.elementor-widget-spacer{width:var(--container-widget-width,var(--spacer-size));--align-self:var(--container-widget-align-self,initial);--flex-shrink:0}.e-con-inner>.elementor-widget-spacer>.elementor-widget-container,.e-con-inner>.elementor-widget-spacer>.elementor-widget-container>.elementor-spacer,.e-con>.elementor-widget-spacer>.elementor-widget-container,.e-con>.elementor-widget-spacer>.elementor-widget-container>.elementor-spacer{height:100%}.e-con-inner>.elementor-widget-spacer>.elementor-widget-container>.elementor-spacer>.elementor-spacer-inner,.e-con>.elementor-widget-spacer>.elementor-widget-container>.elementor-spacer>.elementor-spacer-inner{height:var(--container-widget-height,var(--spacer-size))}<\/style>\t\t<div class=\"elementor-spacer\">\n\t\t\t<div class=\"elementor-spacer-inner\"><\/div>\n\t\t<\/div>\n\t\t\t\t<\/div>\n\t\t\t\t<\/div>\n\t\t\t\t\t<\/div>\n\t\t<\/div>\n\t\t\t\t\t\t\t<\/div>\n\t\t<\/section>\n\t\t\t\t<section class=\"elementor-section elementor-top-section elementor-element elementor-element-02a3477 elementor-section-boxed elementor-section-height-default elementor-section-height-default\" data-id=\"02a3477\" data-element_type=\"section\">\n\t\t\t\t\t\t<div class=\"elementor-container elementor-column-gap-default\">\n\t\t\t\t\t<div class=\"elementor-column elementor-col-100 elementor-top-column elementor-element elementor-element-4ae2996\" data-id=\"4ae2996\" data-element_type=\"column\">\n\t\t\t<div class=\"elementor-widget-wrap elementor-element-populated\">\n\t\t\t\t\t\t\t\t<div class=\"elementor-element elementor-element-590e042 elementor-widget elementor-widget-text-editor\" data-id=\"590e042\" data-element_type=\"widget\" data-widget_type=\"text-editor.default\">\n\t\t\t\t<div class=\"elementor-widget-container\">\n\t\t\t\t\t\t\t<p><strong>Labore Industries: Yapay Zek\u00e2 Destekli Proses Optimizasyonu ve Dijital \u00c7\u00f6z\u00fcmler Alan\u0131nda Almanya&#8217;n\u0131n \u00d6nde Gelen Markas\u0131 aixprocess&#8217;in T\u00fcrkiye Resmi Distrib\u00fct\u00f6r\u00fc!<\/strong><\/p><p>Labore Industries olarak, yapay zek\u00e2 destekli proses optimizasyonu ve geli\u015fmi\u015f dijital \u00e7\u00f6z\u00fcmler konusunda k\u00fcresel \u00e7apta tan\u0131nan bir m\u00fchendislik \u015firketi olan aixprocess GmbH&#8217;nin T\u00fcrkiye&#8217;deki resmi distrib\u00fct\u00f6r\u00fcy\u00fcz. 20 y\u0131l\u0131 a\u015fk\u0131n deneyimiyle ileri sim\u00fclasyon ve dijitalle\u015fme ara\u00e7lar\u0131n\u0131 uygulayan aixprocess, end\u00fcstriyel s\u00fcre\u00e7lerdeki gizli verimlilik potansiyelini ortaya \u00e7\u0131kararak geni\u015f bir sekt\u00f6r yelpazesinde \u00f6l\u00e7\u00fclebilir sonu\u00e7lar sunmaktad\u0131r. M\u00fc\u015fterilerimize en iyi hizmeti sunmak i\u00e7in aixprocess&#8217;in uzmanl\u0131\u011f\u0131n\u0131 teknik deste\u011fimiz ve profesyonel ekibimizin bilgi birikimiyle bir araya getiriyoruz. Y\u00fcksek kaliteli, veriye dayal\u0131 ve gelece\u011fe haz\u0131r end\u00fcstriyel proses \u00e7\u00f6z\u00fcmleri i\u00e7in bizimle ileti\u015fime ge\u00e7mekten \u00e7ekinmeyin. <strong>Labore Industries \u2013 aixprocess&#8217;in G\u00fcc\u00fc, T\u00fcrkiye&#8217;nin G\u00fcvencesi!<\/strong><\/p>\t\t\t\t\t\t<\/div>\n\t\t\t\t<\/div>\n\t\t\t\t<div class=\"elementor-element elementor-element-5b64de9 elementor-widget-divider--view-line_text elementor-widget-divider--element-align-center elementor-widget elementor-widget-divider\" data-id=\"5b64de9\" data-element_type=\"widget\" data-widget_type=\"divider.default\">\n\t\t\t\t<div class=\"elementor-widget-container\">\n\t\t\t<style>\/*! elementor - v3.12.0 - 29-03-2023 *\/\n.elementor-widget-divider{--divider-border-style:none;--divider-border-width:1px;--divider-color:#0c0d0e;--divider-icon-size:20px;--divider-element-spacing:10px;--divider-pattern-height:24px;--divider-pattern-size:20px;--divider-pattern-url:none;--divider-pattern-repeat:repeat-x}.elementor-widget-divider .elementor-divider{display:flex}.elementor-widget-divider .elementor-divider__text{font-size:15px;line-height:1;max-width:95%}.elementor-widget-divider .elementor-divider__element{margin:0 var(--divider-element-spacing);flex-shrink:0}.elementor-widget-divider .elementor-icon{font-size:var(--divider-icon-size)}.elementor-widget-divider .elementor-divider-separator{display:flex;margin:0;direction:ltr}.elementor-widget-divider--view-line_icon .elementor-divider-separator,.elementor-widget-divider--view-line_text .elementor-divider-separator{align-items:center}.elementor-widget-divider--view-line_icon .elementor-divider-separator:after,.elementor-widget-divider--view-line_icon .elementor-divider-separator:before,.elementor-widget-divider--view-line_text .elementor-divider-separator:after,.elementor-widget-divider--view-line_text .elementor-divider-separator:before{display:block;content:\"\";border-bottom:0;flex-grow:1;border-top:var(--divider-border-width) var(--divider-border-style) var(--divider-color)}.elementor-widget-divider--element-align-left .elementor-divider .elementor-divider-separator>.elementor-divider__svg:first-of-type{flex-grow:0;flex-shrink:100}.elementor-widget-divider--element-align-left .elementor-divider-separator:before{content:none}.elementor-widget-divider--element-align-left .elementor-divider__element{margin-left:0}.elementor-widget-divider--element-align-right .elementor-divider .elementor-divider-separator>.elementor-divider__svg:last-of-type{flex-grow:0;flex-shrink:100}.elementor-widget-divider--element-align-right .elementor-divider-separator:after{content:none}.elementor-widget-divider--element-align-right .elementor-divider__element{margin-right:0}.elementor-widget-divider:not(.elementor-widget-divider--view-line_text):not(.elementor-widget-divider--view-line_icon) .elementor-divider-separator{border-top:var(--divider-border-width) var(--divider-border-style) var(--divider-color)}.elementor-widget-divider--separator-type-pattern{--divider-border-style:none}.elementor-widget-divider--separator-type-pattern.elementor-widget-divider--view-line .elementor-divider-separator,.elementor-widget-divider--separator-type-pattern:not(.elementor-widget-divider--view-line) .elementor-divider-separator:after,.elementor-widget-divider--separator-type-pattern:not(.elementor-widget-divider--view-line) .elementor-divider-separator:before,.elementor-widget-divider--separator-type-pattern:not([class*=elementor-widget-divider--view]) .elementor-divider-separator{width:100%;min-height:var(--divider-pattern-height);-webkit-mask-size:var(--divider-pattern-size) 100%;mask-size:var(--divider-pattern-size) 100%;-webkit-mask-repeat:var(--divider-pattern-repeat);mask-repeat:var(--divider-pattern-repeat);background-color:var(--divider-color);-webkit-mask-image:var(--divider-pattern-url);mask-image:var(--divider-pattern-url)}.elementor-widget-divider--no-spacing{--divider-pattern-size:auto}.elementor-widget-divider--bg-round{--divider-pattern-repeat:round}.rtl .elementor-widget-divider .elementor-divider__text{direction:rtl}.e-con-inner>.elementor-widget-divider,.e-con>.elementor-widget-divider{width:var(--container-widget-width,100%);--flex-grow:var(--container-widget-flex-grow)}<\/style>\t\t<div class=\"elementor-divider\">\n\t\t\t<span class=\"elementor-divider-separator\">\n\t\t\t\t\t\t\t<span class=\"elementor-divider__text elementor-divider__element\">\n\t\t\t\tHakk\u0131nda\t\t\t\t<\/span>\n\t\t\t\t\t\t<\/span>\n\t\t<\/div>\n\t\t\t\t<\/div>\n\t\t\t\t<\/div>\n\t\t\t\t<div class=\"elementor-element elementor-element-3846d07 elementor-widget elementor-widget-text-editor\" data-id=\"3846d07\" data-element_type=\"widget\" data-widget_type=\"text-editor.default\">\n\t\t\t\t<div class=\"elementor-widget-container\">\n\t\t\t\t\t\t\t<p><strong>AIXPROCESS, S\u0130M\u00dcLASYON, YAPAY ZEKA VE PROSES UZMANLIGI ARACILIGIYLA D\u0130J\u0130TAL D\u00d6N\u00dc\u015e\u00dcM\u00dc Y\u00d6NLENDIREN \u00d6NDE GELEN B\u0130R M\u00dcHEND\u0130SL\u0130K \u015e\u0130RKET\u0130D\u0130R.<\/strong><\/p><ul><li><strong> GE\u00c7M\u0130\u015e<\/strong> Almanya merkezli olan aixprocess GmbH, end\u00fcstriyel proses m\u00fchendisli\u011finin \u00f6n saflar\u0131nda ge\u00e7irdi\u011fi yirmi y\u0131l\u0131 a\u015fk\u0131n deneyimiyle k\u00f6kl\u00fc bir ge\u00e7mi\u015fe sahiptir. \u0130leri sim\u00fclasyon teknolojilerindeki g\u00fc\u00e7l\u00fc temeli ve m\u00fchendislik m\u00fckemmeliyetine olan ba\u011fl\u0131l\u0131\u011f\u0131yla \u015firket, d\u00fcnya genelinde pek \u00e7ok sekt\u00f6rde g\u00fcvenilir bir itibar in\u015fa etmi\u015ftir. Bug\u00fcn aixprocess, 20&#8217;den fazla uzman kadrosuyla faaliyet g\u00f6stermekte ve d\u00fcnya genelinde 500&#8217;den fazla m\u00fc\u015fteri i\u00e7in 2.000&#8217;i a\u015fk\u0131n sim\u00fclasyon projesini ba\u015far\u0131yla tamamlam\u0131\u015f bulunmaktad\u0131r.<\/li><li><strong> BUG\u00dcN<\/strong> aixprocess; \u00e7imento, kimya, demir-\u00e7elik ve metalurji, madencilik ve mineraller gibi sekt\u00f6rler i\u00e7in proses optimizasyonu, dijital m\u00fchendislik ve yapay zeka\/makine \u00f6\u011frenimi destekli \u00e7\u00f6z\u00fcmler alan\u0131nda tan\u0131nan bir liderdir. Amiral gemisi \u00fcr\u00fcn\u00fc <strong>aixProM Ger\u00e7ek Zamanl\u0131 Optimize Edici<\/strong> ve Geli\u015fmi\u015f CFD Sim\u00fclasyonu, Veri Analiti\u011fi, Proses Sim\u00fclasyonu ve Dijital Yol Haritas\u0131 gibi kapsaml\u0131 hizmet portf\u00f6y\u00fc arac\u0131l\u0131\u011f\u0131yla \u015firket, end\u00fcstriyel operat\u00f6rlerin verimlili\u011fi en \u00fcst d\u00fczeye \u00e7\u0131karmas\u0131n\u0131, maliyetleri azaltmas\u0131n\u0131 ve operasyonlar\u0131n\u0131 gelece\u011fe haz\u0131rlamas\u0131n\u0131 sa\u011flamaktad\u0131r. T\u00fcm \u00e7\u00f6z\u00fcmler, en y\u00fcksek m\u00fchendislik standartlar\u0131na uygun olarak geli\u015ftirilmekte ve her m\u00fc\u015fterinin \u00f6zel proses gereksinimlerine g\u00f6re uyarlanmaktad\u0131r.<\/li><\/ul>\t\t\t\t\t\t<\/div>\n\t\t\t\t<\/div>\n\t\t\t\t\t<\/div>\n\t\t<\/div>\n\t\t\t\t\t\t\t<\/div>\n\t\t<\/section>\n\t\t\t\t<section class=\"elementor-section elementor-top-section elementor-element elementor-element-398e1ae elementor-section-boxed elementor-section-height-default elementor-section-height-default\" data-id=\"398e1ae\" data-element_type=\"section\">\n\t\t\t\t\t\t<div class=\"elementor-container elementor-column-gap-default\">\n\t\t\t\t\t<div class=\"elementor-column elementor-col-100 elementor-top-column elementor-element elementor-element-36978d6\" data-id=\"36978d6\" data-element_type=\"column\">\n\t\t\t<div class=\"elementor-widget-wrap elementor-element-populated\">\n\t\t\t\t\t\t\t\t<div class=\"elementor-element elementor-element-177749e elementor-widget-divider--view-line_text elementor-widget-divider--element-align-center elementor-widget elementor-widget-divider\" data-id=\"177749e\" data-element_type=\"widget\" data-widget_type=\"divider.default\">\n\t\t\t\t<div class=\"elementor-widget-container\">\n\t\t\t\t\t<div class=\"elementor-divider\">\n\t\t\t<span class=\"elementor-divider-separator\">\n\t\t\t\t\t\t\t<span class=\"elementor-divider__text elementor-divider__element\">\n\t\t\t\t\u00c7\u00f6z\u00fcmler\t\t\t\t<\/span>\n\t\t\t\t\t\t<\/span>\n\t\t<\/div>\n\t\t\t\t<\/div>\n\t\t\t\t<\/div>\n\t\t\t\t\t<\/div>\n\t\t<\/div>\n\t\t\t\t\t\t\t<\/div>\n\t\t<\/section>\n\t\t\t\t<section class=\"elementor-section elementor-top-section elementor-element elementor-element-b6ad9d9 elementor-section-boxed elementor-section-height-default elementor-section-height-default\" data-id=\"b6ad9d9\" data-element_type=\"section\">\n\t\t\t\t\t\t<div class=\"elementor-container elementor-column-gap-default\">\n\t\t\t\t\t<div class=\"elementor-column elementor-col-100 elementor-top-column elementor-element elementor-element-2eefa48\" data-id=\"2eefa48\" data-element_type=\"column\">\n\t\t\t<div class=\"elementor-widget-wrap elementor-element-populated\">\n\t\t\t\t\t\t\t\t<div class=\"elementor-element elementor-element-805e457 elementor-widget elementor-widget-text-editor\" data-id=\"805e457\" data-element_type=\"widget\" data-widget_type=\"text-editor.default\">\n\t\t\t\t<div class=\"elementor-widget-container\">\n\t\t\t\t\t\t\t<p><strong>D\u0130NL\u0130YORUZ. S\u0130M\u00dcLE ED\u0130YORUZ. OPT\u0130M\u0130ZE ED\u0130YORUZ.<\/strong><\/p><p>Veri g\u00fc\u00e7l\u00fc olabilir , ancak aixprocess&#8217;te yapay zek\u00e2 proses optimizasyonunun anahtar\u0131n\u0131 elinde tutar. Ki\u015fisel ba\u011fl\u0131l\u0131k, derin teknik bilgi birikimi ve ger\u00e7ek d\u00fcnya sonu\u00e7lar\u0131na odaklanma, her aixprocess projesinin temel ta\u015flar\u0131n\u0131 olu\u015fturmaktad\u0131r. \u015eirket, 20 y\u0131l\u0131 a\u015fk\u0131n s\u00fcredir end\u00fcstri liderleriyle ortakl\u0131k kurarak karma\u015f\u0131k proses zorluklar\u0131n\u0131 \u00f6l\u00e7\u00fclebilir performans kazan\u0131mlar\u0131na d\u00f6n\u00fc\u015ft\u00fcrmektedir.<\/p><p>M\u00fc\u015fterilerimizle birlikte operasyonlar\u0131ndaki t\u00fcm verimlilik potansiyelini belirliyoruz. Dijital sim\u00fclasyonlar ve yapay zeka destekli i\u00e7g\u00f6r\u00fcler arac\u0131l\u0131\u011f\u0131yla geleneksel y\u00f6ntemlerin \u00e7ok \u00f6tesinde bir h\u0131zla de\u011fer yarat\u0131yoruz. Her yeni proje, s\u0131n\u0131rlar\u0131 zorlamak, ortakl\u0131klar\u0131 g\u00fc\u00e7lendirmek ve end\u00fcstriyel zekan\u0131n gelece\u011fini \u015fekillendirmek i\u00e7in bir f\u0131rsatt\u0131r.<\/p><p><a href=\"https:\/\/laboreindustries.com\/tr\/qlar\/\" target=\"_blank\" rel=\"noopener\">\u00c7\u00f6z\u00fcmler<\/a><\/p>\t\t\t\t\t\t<\/div>\n\t\t\t\t<\/div>\n\t\t\t\t\t<\/div>\n\t\t<\/div>\n\t\t\t\t\t\t\t<\/div>\n\t\t<\/section>\n\t\t\t\t\t\t\t<\/div>\n\t\t","protected":false},"excerpt":{"rendered":"<p>\u00a0\u00a0 Anasayfa \/ Aix Process Labore Industries: Yapay Zek\u00e2 Destekli Proses Optimizasyonu ve Dijital \u00c7\u00f6z\u00fcmler Alan\u0131nda Almanya&#8217;n\u0131n \u00d6nde Gelen Markas\u0131 aixprocess&#8217;in T\u00fcrkiye Resmi Distrib\u00fct\u00f6r\u00fc! Labore Industries<span class=\"excerpt-hellip\"> [?]<\/span><\/p>\n","protected":false},"author":2,"featured_media":0,"parent":0,"menu_order":0,"comment_status":"closed","ping_status":"closed","template":"","meta":{"footnotes":""},"class_list":["post-561","page","type-page","status-publish","hentry"],"_links":{"self":[{"href":"https:\/\/laboreindustries.com\/tr\/wp-json\/wp\/v2\/pages\/561","targetHints":{"allow":["GET"]}}],"collection":[{"href":"https:\/\/laboreindustries.com\/tr\/wp-json\/wp\/v2\/pages"}],"about":[{"href":"https:\/\/laboreindustries.com\/tr\/wp-json\/wp\/v2\/types\/page"}],"author":[{"embeddable":true,"href":"https:\/\/laboreindustries.com\/tr\/wp-json\/wp\/v2\/users\/2"}],"replies":[{"embeddable":true,"href":"https:\/\/laboreindustries.com\/tr\/wp-json\/wp\/v2\/comments?post=561"}],"version-history":[{"count":14,"href":"https:\/\/laboreindustries.com\/tr\/wp-json\/wp\/v2\/pages\/561\/revisions"}],"predecessor-version":[{"id":630,"href":"https:\/\/laboreindustries.com\/tr\/wp-json\/wp\/v2\/pages\/561\/revisions\/630"}],"wp:attachment":[{"href":"https:\/\/laboreindustries.com\/tr\/wp-json\/wp\/v2\/media?parent=561"}],"curies":[{"name":"wp","href":"https:\/\/api.w.org\/{rel}","templated":true}]}}