{"id":502,"date":"2026-04-01T14:18:02","date_gmt":"2026-04-01T14:18:02","guid":{"rendered":"https:\/\/laboreindustries.com\/tr\/?page_id=502"},"modified":"2026-04-06T08:04:17","modified_gmt":"2026-04-06T08:04:17","slug":"qlar","status":"publish","type":"page","link":"https:\/\/laboreindustries.com\/tr\/qlar\/","title":{"rendered":"QLAR"},"content":{"rendered":"\t\t<div data-elementor-type=\"wp-page\" data-elementor-id=\"502\" class=\"elementor elementor-502\">\n\t\t\t\t\t\t\t\t\t<section class=\"elementor-section elementor-top-section elementor-element elementor-element-a677595 elementor-section-full_width elementor-section-height-full elementor-section-content-middle elementor-section-stretched elementor-section-height-default elementor-section-items-middle\" data-id=\"a677595\" data-element_type=\"section\" data-settings=\"{&quot;background_background&quot;:&quot;slideshow&quot;,&quot;background_slideshow_gallery&quot;:[{&quot;id&quot;:503,&quot;url&quot;:&quot;https:\\\/\\\/laboreindustries.com\\\/tr\\\/wp-content\\\/uploads\\\/2026\\\/04\\\/DS-pohled-MultiFlex-NG.png&quot;}],&quot;stretch_section&quot;:&quot;section-stretched&quot;,&quot;background_slideshow_loop&quot;:&quot;yes&quot;,&quot;background_slideshow_slide_duration&quot;:5000,&quot;background_slideshow_slide_transition&quot;:&quot;fade&quot;,&quot;background_slideshow_transition_duration&quot;:500}\">\n\t\t\t\t\t\t<div class=\"elementor-container elementor-column-gap-default\">\n\t\t\t\t\t<div class=\"elementor-column elementor-col-100 elementor-top-column elementor-element elementor-element-946ec4f\" data-id=\"946ec4f\" data-element_type=\"column\">\n\t\t\t<div class=\"elementor-widget-wrap elementor-element-populated\">\n\t\t\t\t\t\t\t\t<div class=\"elementor-element elementor-element-2bbd563 elementor-widget elementor-widget-text-editor\" data-id=\"2bbd563\" data-element_type=\"widget\" data-widget_type=\"text-editor.default\">\n\t\t\t\t<div class=\"elementor-widget-container\">\n\t\t\t<style>\/*! elementor - v3.12.0 - 29-03-2023 *\/\n.elementor-widget-text-editor.elementor-drop-cap-view-stacked .elementor-drop-cap{background-color:#69727d;color:#fff}.elementor-widget-text-editor.elementor-drop-cap-view-framed .elementor-drop-cap{color:#69727d;border:3px solid;background-color:transparent}.elementor-widget-text-editor:not(.elementor-drop-cap-view-default) .elementor-drop-cap{margin-top:8px}.elementor-widget-text-editor:not(.elementor-drop-cap-view-default) .elementor-drop-cap-letter{width:1em;height:1em}.elementor-widget-text-editor .elementor-drop-cap{float:left;text-align:center;line-height:1;font-size:50px}.elementor-widget-text-editor .elementor-drop-cap-letter{display:inline-block}<\/style>\t\t\t\t<h1 style=\"text-align: center;\"><span style=\"color: #ffffff;\"><span style=\"font-size: 60px;\"><b>&nbsp;&nbsp;<\/b><\/span><\/span><\/h1>\n<h5 style=\"text-align: center;\"><span style=\"color: #ffffff;\"><strong style=\"font-size: 15px;\">Anasayfa \/ QLAR<\/strong><\/span><\/h5>\t\t\t\t\t\t<\/div>\n\t\t\t\t<\/div>\n\t\t\t\t<div class=\"elementor-element elementor-element-49c373e elementor-widget elementor-widget-spacer\" data-id=\"49c373e\" data-element_type=\"widget\" data-widget_type=\"spacer.default\">\n\t\t\t\t<div class=\"elementor-widget-container\">\n\t\t\t<style>\/*! elementor - v3.12.0 - 29-03-2023 *\/\n.elementor-column .elementor-spacer-inner{height:var(--spacer-size)}.e-con{--container-widget-width:100%}.e-con-inner>.elementor-widget-spacer,.e-con>.elementor-widget-spacer{width:var(--container-widget-width,var(--spacer-size));--align-self:var(--container-widget-align-self,initial);--flex-shrink:0}.e-con-inner>.elementor-widget-spacer>.elementor-widget-container,.e-con-inner>.elementor-widget-spacer>.elementor-widget-container>.elementor-spacer,.e-con>.elementor-widget-spacer>.elementor-widget-container,.e-con>.elementor-widget-spacer>.elementor-widget-container>.elementor-spacer{height:100%}.e-con-inner>.elementor-widget-spacer>.elementor-widget-container>.elementor-spacer>.elementor-spacer-inner,.e-con>.elementor-widget-spacer>.elementor-widget-container>.elementor-spacer>.elementor-spacer-inner{height:var(--container-widget-height,var(--spacer-size))}<\/style>\t\t<div class=\"elementor-spacer\">\n\t\t\t<div class=\"elementor-spacer-inner\"><\/div>\n\t\t<\/div>\n\t\t\t\t<\/div>\n\t\t\t\t<\/div>\n\t\t\t\t\t<\/div>\n\t\t<\/div>\n\t\t\t\t\t\t\t<\/div>\n\t\t<\/section>\n\t\t\t\t<section class=\"elementor-section elementor-top-section elementor-element elementor-element-02a3477 elementor-section-boxed elementor-section-height-default elementor-section-height-default\" data-id=\"02a3477\" data-element_type=\"section\">\n\t\t\t\t\t\t<div class=\"elementor-container elementor-column-gap-default\">\n\t\t\t\t\t<div class=\"elementor-column elementor-col-100 elementor-top-column elementor-element elementor-element-4ae2996\" data-id=\"4ae2996\" data-element_type=\"column\">\n\t\t\t<div class=\"elementor-widget-wrap elementor-element-populated\">\n\t\t\t\t\t\t\t\t<div class=\"elementor-element elementor-element-590e042 elementor-widget elementor-widget-text-editor\" data-id=\"590e042\" data-element_type=\"widget\" data-widget_type=\"text-editor.default\">\n\t\t\t\t<div class=\"elementor-widget-container\">\n\t\t\t\t\t\t\t<p><b><span lang=\"EN-US\">Labore Industries: \u00c7imento End\u00fcstrisinde Tart\u0131m, Dozlama ve Alternatif Yak\u0131t Sistemleri Alan\u0131nda Almanya&#8217;n\u0131n \u00d6nde Gelen Markas\u0131 Qlar&#8217;\u0131n (eski ad\u0131yla Schenck Process) T\u00fcrkiye Resmi Distrib\u00fct\u00f6r\u00fc!<\/span><\/b><\/p><p><span lang=\"EN-US\">Labore Industries olarak, end\u00fcstriyel tart\u0131m, dozlama ve alternatif yak\u0131t sistemleri alan\u0131nda d\u00fcnya genelinde tan\u0131nan bir marka olan Qlar&#8217;\u0131n (eski ad\u0131yla Schenck Process) T\u00fcrkiye&#8217;deki resmi distrib\u00fct\u00f6r\u00fcy\u00fcz. Y\u00fcksek performansl\u0131 ve g\u00fcvenilir \u00e7\u00f6z\u00fcmleriyle Qlar, en zorlu end\u00fcstri standartlar\u0131n\u0131 kar\u015f\u0131layan yenilik\u00e7i teknolojiler sunmaktad\u0131r. M\u00fc\u015fterilerimize en iyi hizmeti sunmak i\u00e7in Qlar&#8217;\u0131n geni\u015f \u00fcr\u00fcn yelpazesini teknik deste\u011fimiz ve uzman ekibimizin deneyimiyle bir araya getiriyoruz. Y\u00fcksek kaliteli, g\u00fcvenilir ve verimli end\u00fcstriyel tart\u0131m ve yak\u0131t y\u00f6netimi \u00e7\u00f6z\u00fcmleri i\u00e7in bizimle ileti\u015fime ge\u00e7mekten \u00e7ekinmeyin.<\/span><\/p><p><span lang=\"EN-US\"><b>Labore Industries \u2013 Qlar&#8217;\u0131n G\u00fcc\u00fc, T\u00fcrkiye&#8217;nin G\u00fcvencesi!<\/b><\/span><\/p>\t\t\t\t\t\t<\/div>\n\t\t\t\t<\/div>\n\t\t\t\t<div class=\"elementor-element elementor-element-5b64de9 elementor-widget-divider--view-line_text elementor-widget-divider--element-align-center elementor-widget elementor-widget-divider\" data-id=\"5b64de9\" data-element_type=\"widget\" data-widget_type=\"divider.default\">\n\t\t\t\t<div class=\"elementor-widget-container\">\n\t\t\t<style>\/*! elementor - v3.12.0 - 29-03-2023 *\/\n.elementor-widget-divider{--divider-border-style:none;--divider-border-width:1px;--divider-color:#0c0d0e;--divider-icon-size:20px;--divider-element-spacing:10px;--divider-pattern-height:24px;--divider-pattern-size:20px;--divider-pattern-url:none;--divider-pattern-repeat:repeat-x}.elementor-widget-divider .elementor-divider{display:flex}.elementor-widget-divider .elementor-divider__text{font-size:15px;line-height:1;max-width:95%}.elementor-widget-divider .elementor-divider__element{margin:0 var(--divider-element-spacing);flex-shrink:0}.elementor-widget-divider .elementor-icon{font-size:var(--divider-icon-size)}.elementor-widget-divider .elementor-divider-separator{display:flex;margin:0;direction:ltr}.elementor-widget-divider--view-line_icon .elementor-divider-separator,.elementor-widget-divider--view-line_text .elementor-divider-separator{align-items:center}.elementor-widget-divider--view-line_icon .elementor-divider-separator:after,.elementor-widget-divider--view-line_icon .elementor-divider-separator:before,.elementor-widget-divider--view-line_text .elementor-divider-separator:after,.elementor-widget-divider--view-line_text .elementor-divider-separator:before{display:block;content:\"\";border-bottom:0;flex-grow:1;border-top:var(--divider-border-width) var(--divider-border-style) var(--divider-color)}.elementor-widget-divider--element-align-left .elementor-divider .elementor-divider-separator>.elementor-divider__svg:first-of-type{flex-grow:0;flex-shrink:100}.elementor-widget-divider--element-align-left .elementor-divider-separator:before{content:none}.elementor-widget-divider--element-align-left .elementor-divider__element{margin-left:0}.elementor-widget-divider--element-align-right .elementor-divider .elementor-divider-separator>.elementor-divider__svg:last-of-type{flex-grow:0;flex-shrink:100}.elementor-widget-divider--element-align-right .elementor-divider-separator:after{content:none}.elementor-widget-divider--element-align-right .elementor-divider__element{margin-right:0}.elementor-widget-divider:not(.elementor-widget-divider--view-line_text):not(.elementor-widget-divider--view-line_icon) .elementor-divider-separator{border-top:var(--divider-border-width) var(--divider-border-style) var(--divider-color)}.elementor-widget-divider--separator-type-pattern{--divider-border-style:none}.elementor-widget-divider--separator-type-pattern.elementor-widget-divider--view-line .elementor-divider-separator,.elementor-widget-divider--separator-type-pattern:not(.elementor-widget-divider--view-line) .elementor-divider-separator:after,.elementor-widget-divider--separator-type-pattern:not(.elementor-widget-divider--view-line) .elementor-divider-separator:before,.elementor-widget-divider--separator-type-pattern:not([class*=elementor-widget-divider--view]) .elementor-divider-separator{width:100%;min-height:var(--divider-pattern-height);-webkit-mask-size:var(--divider-pattern-size) 100%;mask-size:var(--divider-pattern-size) 100%;-webkit-mask-repeat:var(--divider-pattern-repeat);mask-repeat:var(--divider-pattern-repeat);background-color:var(--divider-color);-webkit-mask-image:var(--divider-pattern-url);mask-image:var(--divider-pattern-url)}.elementor-widget-divider--no-spacing{--divider-pattern-size:auto}.elementor-widget-divider--bg-round{--divider-pattern-repeat:round}.rtl .elementor-widget-divider .elementor-divider__text{direction:rtl}.e-con-inner>.elementor-widget-divider,.e-con>.elementor-widget-divider{width:var(--container-widget-width,100%);--flex-grow:var(--container-widget-flex-grow)}<\/style>\t\t<div class=\"elementor-divider\">\n\t\t\t<span class=\"elementor-divider-separator\">\n\t\t\t\t\t\t\t<span class=\"elementor-divider__text elementor-divider__element\">\n\t\t\t\tHakk\u0131nda\t\t\t\t<\/span>\n\t\t\t\t\t\t<\/span>\n\t\t<\/div>\n\t\t\t\t<\/div>\n\t\t\t\t<\/div>\n\t\t\t\t<div class=\"elementor-element elementor-element-3846d07 elementor-widget elementor-widget-text-editor\" data-id=\"3846d07\" data-element_type=\"widget\" data-widget_type=\"text-editor.default\">\n\t\t\t\t<div class=\"elementor-widget-container\">\n\t\t\t\t\t\t\t<p class=\"MsoNormal\"><b style=\"letter-spacing: 0px;\"><span lang=\"EN-US\">QLAR, HASSAS \u00c7\u00d6Z\u00dcMLER SUNAN K\u00dcRESEL \u00c7APTA G\u00dcVENILIR BIR END\u00dcSTR\u0130YEL TEKNOLOJ\u0130 \u015e\u0130RKET\u0130D\u0130R.<\/span><\/b><\/p><p class=\"MsoNormal\"><b><span lang=\"EN-US\">\u2022 GE\u00c7M\u0130\u015e<\/span><\/b><span lang=\"EN-US\"> Qlar, eski ad\u0131yla Schenck Process, 135 y\u0131l\u0131 a\u015fk\u0131n m\u00fchendislik deneyimiyle k\u00f6kl\u00fc bir mirasa sahiptir. Almanya merkezli olan \u015firket, hassas ve g\u00fcvenilir end\u00fcstriyel tart\u0131m ve dozlama sistemleri alan\u0131nda d\u00fcnya genelinde g\u00fc\u00e7l\u00fc bir itibar in\u015fa etmi\u015ftir. K\u0131talar genelinde faaliyet g\u00f6steren yan kurulu\u015flar\u0131, temsilcileri ve acenteleriyle Qlar, onu end\u00fcstriyel proses teknolojisinin temel ta\u015flar\u0131ndan biri yapan m\u00fchendislik miras\u0131n\u0131 s\u00fcrd\u00fcrmeye devam etmektedir.<\/span><\/p><p><b><span lang=\"EN-US\" style=\"font-size: 11.0pt; line-height: 107%; font-family: 'Aptos',sans-serif; mso-ascii-theme-font: minor-latin; mso-fareast-font-family: Aptos; mso-fareast-theme-font: minor-latin; mso-hansi-theme-font: minor-latin; mso-bidi-font-family: 'Times New Roman'; mso-bidi-theme-font: minor-bidi; mso-ansi-language: EN-US; mso-fareast-language: EN-US; mso-bidi-language: AR-SA;\">\u2022 BUG\u00dcN<\/span><\/b><span lang=\"EN-US\" style=\"font-size: 11.0pt; line-height: 107%; font-family: 'Aptos',sans-serif; mso-ascii-theme-font: minor-latin; mso-fareast-font-family: Aptos; mso-fareast-theme-font: minor-latin; mso-hansi-theme-font: minor-latin; mso-bidi-font-family: 'Times New Roman'; mso-bidi-theme-font: minor-bidi; mso-ansi-language: EN-US; mso-fareast-language: EN-US; mso-bidi-language: AR-SA;\"> Qlar, bug\u00fcn \u00e7imento, madencilik ve kimya end\u00fcstrileri i\u00e7in tart\u0131m, dozlama ve alternatif yak\u0131t \u00e7\u00f6z\u00fcmleri alan\u0131nda \u00f6nde gelen bir tedarik\u00e7idir. Sistemleri, en zorlu proses\u00a0<\/span><span style=\"font-family: Aptos, sans-serif; font-size: 11pt; letter-spacing: 0px;\">ortamlar\u0131n\u0131 kar\u015f\u0131layacak \u015fekilde tasarlanm\u0131\u015f olup do\u011fruluk, verimlilik ve operasyonel s\u00fcreklili\u011fi g\u00fcvence alt\u0131na almaktad\u0131r. D\u00f6kme malzeme ta\u015f\u0131mac\u0131l\u0131\u011f\u0131ndan geli\u015fmi\u015f alternatif yak\u0131t besleme sistemlerine kadar Qlar, her m\u00fc\u015fterinin \u00f6zel proses gereksinimlerine g\u00f6re uyarlanm\u0131\u015f u\u00e7tan uca \u00e7\u00f6z\u00fcmler sunmaktad\u0131r. \u015eirket, uluslararas\u0131 kalite sertifikalar\u0131na sahip olup t\u00fcm sistemler ilgili ulusal ve uluslararas\u0131 g\u00fcvenlik standartlar\u0131na uygundur.<\/span><\/p>\t\t\t\t\t\t<\/div>\n\t\t\t\t<\/div>\n\t\t\t\t\t<\/div>\n\t\t<\/div>\n\t\t\t\t\t\t\t<\/div>\n\t\t<\/section>\n\t\t\t\t<section class=\"elementor-section elementor-top-section elementor-element elementor-element-398e1ae elementor-section-boxed elementor-section-height-default elementor-section-height-default\" data-id=\"398e1ae\" data-element_type=\"section\">\n\t\t\t\t\t\t<div class=\"elementor-container elementor-column-gap-default\">\n\t\t\t\t\t<div class=\"elementor-column elementor-col-100 elementor-top-column elementor-element elementor-element-36978d6\" data-id=\"36978d6\" data-element_type=\"column\">\n\t\t\t<div class=\"elementor-widget-wrap elementor-element-populated\">\n\t\t\t\t\t\t\t\t<div class=\"elementor-element elementor-element-177749e elementor-widget-divider--view-line_text elementor-widget-divider--element-align-center elementor-widget elementor-widget-divider\" data-id=\"177749e\" data-element_type=\"widget\" data-widget_type=\"divider.default\">\n\t\t\t\t<div class=\"elementor-widget-container\">\n\t\t\t\t\t<div class=\"elementor-divider\">\n\t\t\t<span class=\"elementor-divider-separator\">\n\t\t\t\t\t\t\t<span class=\"elementor-divider__text elementor-divider__element\">\n\t\t\t\t\u00c7\u00f6z\u00fcmler\t\t\t\t<\/span>\n\t\t\t\t\t\t<\/span>\n\t\t<\/div>\n\t\t\t\t<\/div>\n\t\t\t\t<\/div>\n\t\t\t\t\t<\/div>\n\t\t<\/div>\n\t\t\t\t\t\t\t<\/div>\n\t\t<\/section>\n\t\t\t\t<section class=\"elementor-section elementor-top-section elementor-element elementor-element-b6ad9d9 elementor-section-boxed elementor-section-height-default elementor-section-height-default\" data-id=\"b6ad9d9\" data-element_type=\"section\">\n\t\t\t\t\t\t<div class=\"elementor-container elementor-column-gap-default\">\n\t\t\t\t\t<div class=\"elementor-column elementor-col-100 elementor-top-column elementor-element elementor-element-2eefa48\" data-id=\"2eefa48\" data-element_type=\"column\">\n\t\t\t<div class=\"elementor-widget-wrap elementor-element-populated\">\n\t\t\t\t\t\t\t\t<div class=\"elementor-element elementor-element-805e457 elementor-widget elementor-widget-text-editor\" data-id=\"805e457\" data-element_type=\"widget\" data-widget_type=\"text-editor.default\">\n\t\t\t\t<div class=\"elementor-widget-container\">\n\t\t\t\t\t\t\t<p class=\"MsoNormal\"><b><span lang=\"EN-US\">D\u0130NL\u0130YORUZ. M\u00dcHEND\u0130SL\u0130K YAPIYORUZ. TESL\u0130M ED\u0130YORUZ.<\/span><\/b><\/p><p class=\"MsoNormal\"><span lang=\"EN-US\">Hassasiyet, g\u00fcvenilirlik ve yenilik\u00a0 her Qlar \u00e7\u00f6z\u00fcm\u00fcn\u00fcn merkezinde yer alan de\u011ferler bunlard\u0131r. Y\u00fcz y\u0131l\u0131 a\u015fk\u0131n deneyimiyle Qlar, derin teknik uzmanl\u0131\u011f\u0131n\u0131 uzun vadeli m\u00fc\u015fteri ba\u015far\u0131s\u0131na olan ba\u011fl\u0131l\u0131\u011f\u0131yla birle\u015ftirerek d\u00fcnya genelinde end\u00fcstriyel operasyonlar i\u00e7in g\u00fcvenilir bir ortak olmaya devam etmektedir.<\/span><\/p><p class=\"MsoNormal\"><span lang=\"EN-US\">M\u00fc\u015fterilerimizle birlikte her zorluk i\u00e7in en etkili ve verimli \u00e7\u00f6z\u00fcm\u00fc belirliyoruz. Yak\u0131n i\u015f birli\u011fi, \u015feffaf ileti\u015fim ve esnek yakla\u015f\u0131m\u0131m\u0131zla her projenin en y\u00fcksek standartlarda teslim edilmesini sa\u011fl\u0131yoruz. Her yeni proje, kal\u0131c\u0131 de\u011fer yaratmak ve ortakl\u0131klar\u0131m\u0131z\u0131 g\u00fc\u00e7lendirmek i\u00e7in bir f\u0131rsatt\u0131r.<\/span><\/p><p class=\"MsoNormal\">\u00a0<\/p><p class=\"MsoNormal\"><a href=\"https:\/\/www.qlar.com\/industries\/circular-economy\/alternative-fuels\" target=\"_blank\" rel=\"noopener\">Alternatif Yak\u0131t \u00c7\u00f6z\u00fcmleri<\/a><\/p>\t\t\t\t\t\t<\/div>\n\t\t\t\t<\/div>\n\t\t\t\t\t<\/div>\n\t\t<\/div>\n\t\t\t\t\t\t\t<\/div>\n\t\t<\/section>\n\t\t\t\t\t\t\t<\/div>\n\t\t","protected":false},"excerpt":{"rendered":"<p>&nbsp;&nbsp; Anasayfa \/ QLAR Labore Industries: \u00c7imento End\u00fcstrisinde Tart\u0131m, Dozlama ve Alternatif Yak\u0131t Sistemleri Alan\u0131nda Almanya&#8217;n\u0131n \u00d6nde Gelen Markas\u0131 Qlar&#8217;\u0131n (eski ad\u0131yla Schenck Process) T\u00fcrkiye Resmi<span class=\"excerpt-hellip\"> [?]<\/span><\/p>\n","protected":false},"author":2,"featured_media":0,"parent":0,"menu_order":0,"comment_status":"closed","ping_status":"closed","template":"","meta":{"footnotes":""},"class_list":["post-502","page","type-page","status-publish","hentry"],"_links":{"self":[{"href":"https:\/\/laboreindustries.com\/tr\/wp-json\/wp\/v2\/pages\/502","targetHints":{"allow":["GET"]}}],"collection":[{"href":"https:\/\/laboreindustries.com\/tr\/wp-json\/wp\/v2\/pages"}],"about":[{"href":"https:\/\/laboreindustries.com\/tr\/wp-json\/wp\/v2\/types\/page"}],"author":[{"embeddable":true,"href":"https:\/\/laboreindustries.com\/tr\/wp-json\/wp\/v2\/users\/2"}],"replies":[{"embeddable":true,"href":"https:\/\/laboreindustries.com\/tr\/wp-json\/wp\/v2\/comments?post=502"}],"version-history":[{"count":52,"href":"https:\/\/laboreindustries.com\/tr\/wp-json\/wp\/v2\/pages\/502\/revisions"}],"predecessor-version":[{"id":645,"href":"https:\/\/laboreindustries.com\/tr\/wp-json\/wp\/v2\/pages\/502\/revisions\/645"}],"wp:attachment":[{"href":"https:\/\/laboreindustries.com\/tr\/wp-json\/wp\/v2\/media?parent=502"}],"curies":[{"name":"wp","href":"https:\/\/api.w.org\/{rel}","templated":true}]}}