{"id":474,"date":"2025-12-06T07:31:16","date_gmt":"2025-12-06T07:31:16","guid":{"rendered":"https:\/\/laboreindustries.com\/tr\/?page_id=474"},"modified":"2026-04-06T08:05:02","modified_gmt":"2026-04-06T08:05:02","slug":"dynamis","status":"publish","type":"page","link":"https:\/\/laboreindustries.com\/tr\/dynamis\/","title":{"rendered":"Dynamis"},"content":{"rendered":"\t\t<div data-elementor-type=\"wp-page\" data-elementor-id=\"474\" class=\"elementor elementor-474\">\n\t\t\t\t\t\t\t\t\t<section class=\"elementor-section elementor-top-section elementor-element elementor-element-f6a5cf5 elementor-section-full_width elementor-section-height-min-height elementor-section-stretched elementor-section-content-middle elementor-section-height-default elementor-section-items-middle\" data-id=\"f6a5cf5\" data-element_type=\"section\" data-settings=\"{&quot;stretch_section&quot;:&quot;section-stretched&quot;,&quot;background_background&quot;:&quot;slideshow&quot;,&quot;background_slideshow_gallery&quot;:[{&quot;id&quot;:477,&quot;url&quot;:&quot;https:\\\/\\\/laboreindustries.com\\\/tr\\\/wp-content\\\/uploads\\\/2025\\\/12\\\/Picture4.png&quot;}],&quot;background_slideshow_loop&quot;:&quot;yes&quot;,&quot;background_slideshow_slide_duration&quot;:5000,&quot;background_slideshow_slide_transition&quot;:&quot;fade&quot;,&quot;background_slideshow_transition_duration&quot;:500}\">\n\t\t\t\t\t\t<div class=\"elementor-container elementor-column-gap-default\">\n\t\t\t\t\t<div class=\"elementor-column elementor-col-100 elementor-top-column elementor-element elementor-element-a7a2eb4\" data-id=\"a7a2eb4\" data-element_type=\"column\">\n\t\t\t<div class=\"elementor-widget-wrap elementor-element-populated\">\n\t\t\t\t\t\t\t\t<div class=\"elementor-element elementor-element-fbb0e35 elementor-widget elementor-widget-text-editor\" data-id=\"fbb0e35\" data-element_type=\"widget\" data-widget_type=\"text-editor.default\">\n\t\t\t\t<div class=\"elementor-widget-container\">\n\t\t\t<style>\/*! elementor - v3.12.0 - 29-03-2023 *\/\n.elementor-widget-text-editor.elementor-drop-cap-view-stacked .elementor-drop-cap{background-color:#69727d;color:#fff}.elementor-widget-text-editor.elementor-drop-cap-view-framed .elementor-drop-cap{color:#69727d;border:3px solid;background-color:transparent}.elementor-widget-text-editor:not(.elementor-drop-cap-view-default) .elementor-drop-cap{margin-top:8px}.elementor-widget-text-editor:not(.elementor-drop-cap-view-default) .elementor-drop-cap-letter{width:1em;height:1em}.elementor-widget-text-editor .elementor-drop-cap{float:left;text-align:center;line-height:1;font-size:50px}.elementor-widget-text-editor .elementor-drop-cap-letter{display:inline-block}<\/style>\t\t\t\t<h1 style=\"text-align: center;\"><span style=\"color: #ffffff;\"><span style=\"font-size: 60px;\"><b>\u00a0<\/b><\/span><\/span><\/h1><h5 style=\"text-align: center;\"><span style=\"color: #ffffff;\"><strong style=\"font-size: 15px;\">Anasayfa \/ Dynamis<\/strong><\/span><\/h5>\t\t\t\t\t\t<\/div>\n\t\t\t\t<\/div>\n\t\t\t\t<div class=\"elementor-element elementor-element-5003d21 elementor-widget elementor-widget-spacer\" data-id=\"5003d21\" data-element_type=\"widget\" data-widget_type=\"spacer.default\">\n\t\t\t\t<div class=\"elementor-widget-container\">\n\t\t\t<style>\/*! elementor - v3.12.0 - 29-03-2023 *\/\n.elementor-column .elementor-spacer-inner{height:var(--spacer-size)}.e-con{--container-widget-width:100%}.e-con-inner>.elementor-widget-spacer,.e-con>.elementor-widget-spacer{width:var(--container-widget-width,var(--spacer-size));--align-self:var(--container-widget-align-self,initial);--flex-shrink:0}.e-con-inner>.elementor-widget-spacer>.elementor-widget-container,.e-con-inner>.elementor-widget-spacer>.elementor-widget-container>.elementor-spacer,.e-con>.elementor-widget-spacer>.elementor-widget-container,.e-con>.elementor-widget-spacer>.elementor-widget-container>.elementor-spacer{height:100%}.e-con-inner>.elementor-widget-spacer>.elementor-widget-container>.elementor-spacer>.elementor-spacer-inner,.e-con>.elementor-widget-spacer>.elementor-widget-container>.elementor-spacer>.elementor-spacer-inner{height:var(--container-widget-height,var(--spacer-size))}<\/style>\t\t<div class=\"elementor-spacer\">\n\t\t\t<div class=\"elementor-spacer-inner\"><\/div>\n\t\t<\/div>\n\t\t\t\t<\/div>\n\t\t\t\t<\/div>\n\t\t\t\t\t<\/div>\n\t\t<\/div>\n\t\t\t\t\t\t\t<\/div>\n\t\t<\/section>\n\t\t\t\t<section class=\"elementor-section elementor-top-section elementor-element elementor-element-c7b2815 elementor-section-boxed elementor-section-height-default elementor-section-height-default\" data-id=\"c7b2815\" data-element_type=\"section\">\n\t\t\t\t\t\t<div class=\"elementor-container elementor-column-gap-default\">\n\t\t\t\t\t<div class=\"elementor-column elementor-col-100 elementor-top-column elementor-element elementor-element-4ea7e36\" data-id=\"4ea7e36\" data-element_type=\"column\">\n\t\t\t<div class=\"elementor-widget-wrap elementor-element-populated\">\n\t\t\t\t\t\t\t\t<div class=\"elementor-element elementor-element-2988494 elementor-widget elementor-widget-text-editor\" data-id=\"2988494\" data-element_type=\"widget\" data-widget_type=\"text-editor.default\">\n\t\t\t\t<div class=\"elementor-widget-container\">\n\t\t\t\t\t\t\t<p><strong>Labore Industries: Brezilya&#8217;n\u0131n Lider Markas\u0131 Dynamis\u2019in T\u00fcrkiye&#8217;deki Resmi Distrib\u00fct\u00f6r\u00fc!<\/strong><\/p><p>Labore Industries olarak, \u00e7imento sekt\u00f6r\u00fcnde Kalsine Kil, Alternatif Yak\u0131tlar i\u00e7in Gazla\u015ft\u0131r\u0131c\u0131 ve alev borusu(eski Greko) alan\u0131nda d\u00fcnya \u00e7ap\u0131nda tan\u0131nan bir marka olan Dynamis&#8217;in T\u00fcrkiye&#8217;deki resmi distrib\u00fct\u00f6r\u00fcy\u00fcz. Y\u00fcksek performansl\u0131, dayan\u0131kl\u0131 sistemleri, yetenekli m\u00fchendisli\u011fi ve birinci s\u0131n\u0131f teknolojisiyle Dynamis, en y\u00fcksek end\u00fcstri standartlar\u0131n\u0131 kar\u015f\u0131layan yenilik\u00e7i \u00e7\u00f6z\u00fcmler sunarak \u00f6ne \u00e7\u0131k\u0131yor.<\/p><p>M\u00fc\u015fterilerimize en iyi hizmeti sunmak i\u00e7in, Dynamis&#8217;in kapsaml\u0131 \u00fcr\u00fcn ve m\u00fchendislik yelpazesini teknik deste\u011fimiz ve profesyonel ekibimizin uzmanl\u0131\u011f\u0131yla birle\u015ftiriyoruz. Y\u00fcksek kaliteli, g\u00fcvenilir ve verimli proses \u00e7\u00f6z\u00fcmleri i\u00e7in bizimle ileti\u015fime ge\u00e7mekten \u00e7ekinmeyin.<\/p><p><strong>Labore Industries \u2013 Dynamis\u2019in G\u00fcc\u00fc, T\u00fcrkiye&#8217;nin G\u00fcvencesi!<\/strong><\/p>\t\t\t\t\t\t<\/div>\n\t\t\t\t<\/div>\n\t\t\t\t<div class=\"elementor-element elementor-element-705c282 elementor-widget-divider--view-line_text elementor-widget-divider--element-align-center elementor-widget elementor-widget-divider\" data-id=\"705c282\" data-element_type=\"widget\" data-widget_type=\"divider.default\">\n\t\t\t\t<div class=\"elementor-widget-container\">\n\t\t\t<style>\/*! elementor - v3.12.0 - 29-03-2023 *\/\n.elementor-widget-divider{--divider-border-style:none;--divider-border-width:1px;--divider-color:#0c0d0e;--divider-icon-size:20px;--divider-element-spacing:10px;--divider-pattern-height:24px;--divider-pattern-size:20px;--divider-pattern-url:none;--divider-pattern-repeat:repeat-x}.elementor-widget-divider .elementor-divider{display:flex}.elementor-widget-divider .elementor-divider__text{font-size:15px;line-height:1;max-width:95%}.elementor-widget-divider .elementor-divider__element{margin:0 var(--divider-element-spacing);flex-shrink:0}.elementor-widget-divider .elementor-icon{font-size:var(--divider-icon-size)}.elementor-widget-divider .elementor-divider-separator{display:flex;margin:0;direction:ltr}.elementor-widget-divider--view-line_icon .elementor-divider-separator,.elementor-widget-divider--view-line_text .elementor-divider-separator{align-items:center}.elementor-widget-divider--view-line_icon .elementor-divider-separator:after,.elementor-widget-divider--view-line_icon .elementor-divider-separator:before,.elementor-widget-divider--view-line_text .elementor-divider-separator:after,.elementor-widget-divider--view-line_text .elementor-divider-separator:before{display:block;content:\"\";border-bottom:0;flex-grow:1;border-top:var(--divider-border-width) var(--divider-border-style) var(--divider-color)}.elementor-widget-divider--element-align-left .elementor-divider .elementor-divider-separator>.elementor-divider__svg:first-of-type{flex-grow:0;flex-shrink:100}.elementor-widget-divider--element-align-left .elementor-divider-separator:before{content:none}.elementor-widget-divider--element-align-left .elementor-divider__element{margin-left:0}.elementor-widget-divider--element-align-right .elementor-divider .elementor-divider-separator>.elementor-divider__svg:last-of-type{flex-grow:0;flex-shrink:100}.elementor-widget-divider--element-align-right .elementor-divider-separator:after{content:none}.elementor-widget-divider--element-align-right .elementor-divider__element{margin-right:0}.elementor-widget-divider:not(.elementor-widget-divider--view-line_text):not(.elementor-widget-divider--view-line_icon) .elementor-divider-separator{border-top:var(--divider-border-width) var(--divider-border-style) var(--divider-color)}.elementor-widget-divider--separator-type-pattern{--divider-border-style:none}.elementor-widget-divider--separator-type-pattern.elementor-widget-divider--view-line .elementor-divider-separator,.elementor-widget-divider--separator-type-pattern:not(.elementor-widget-divider--view-line) .elementor-divider-separator:after,.elementor-widget-divider--separator-type-pattern:not(.elementor-widget-divider--view-line) .elementor-divider-separator:before,.elementor-widget-divider--separator-type-pattern:not([class*=elementor-widget-divider--view]) .elementor-divider-separator{width:100%;min-height:var(--divider-pattern-height);-webkit-mask-size:var(--divider-pattern-size) 100%;mask-size:var(--divider-pattern-size) 100%;-webkit-mask-repeat:var(--divider-pattern-repeat);mask-repeat:var(--divider-pattern-repeat);background-color:var(--divider-color);-webkit-mask-image:var(--divider-pattern-url);mask-image:var(--divider-pattern-url)}.elementor-widget-divider--no-spacing{--divider-pattern-size:auto}.elementor-widget-divider--bg-round{--divider-pattern-repeat:round}.rtl .elementor-widget-divider .elementor-divider__text{direction:rtl}.e-con-inner>.elementor-widget-divider,.e-con>.elementor-widget-divider{width:var(--container-widget-width,100%);--flex-grow:var(--container-widget-flex-grow)}<\/style>\t\t<div class=\"elementor-divider\">\n\t\t\t<span class=\"elementor-divider-separator\">\n\t\t\t\t\t\t\t<span class=\"elementor-divider__text elementor-divider__element\">\n\t\t\t\tHakk\u0131nda\t\t\t\t<\/span>\n\t\t\t\t\t\t<\/span>\n\t\t<\/div>\n\t\t\t\t<\/div>\n\t\t\t\t<\/div>\n\t\t\t\t<div class=\"elementor-element elementor-element-14b2309 elementor-widget elementor-widget-text-editor\" data-id=\"14b2309\" data-element_type=\"widget\" data-widget_type=\"text-editor.default\">\n\t\t\t\t<div class=\"elementor-widget-container\">\n\t\t\t\t\t\t\t<p>Dynamis, 2003 y\u0131l\u0131nda farkl\u0131 end\u00fcstri sekt\u00f6rlerine yenilik\u00e7i \u00e7\u00f6z\u00fcmler sunarak faaliyetlerine ba\u015flad\u0131. Termal, enerji ve ak\u0131\u015fkanlar mekani\u011fi konular\u0131na odaklanan \u015firket, m\u00fc\u015fterilerine daha y\u00fcksek verimlilik ve maliyet azalt\u0131m\u0131 sa\u011flayan yenilikler geli\u015ftirmektedir.<\/p><p>M\u00fc\u015fterilerden elde edilen memnuniyet ve sonu\u00e7lar, Dynamis\u2019i inovasyon alan\u0131nda bir referans merkezi haline getirmi\u015ftir. Bug\u00fcn merkezi Brezilya\u2019da bulunan Dynamis, bir\u00e7ok \u00fclkede \u015fube ve temsilcilikleriyle uluslararas\u0131 bir \u015firket konumundad\u0131r.<\/p><p>\u015eirketin tarih\u00e7esi boyunca 300\u2019den fazla proje geli\u015ftirilip hayata ge\u00e7irilmi\u015f, m\u00fc\u015fterilere ola\u011fan\u00fcst\u00fc tasarruflar sa\u011flanm\u0131\u015ft\u0131r. Dynamis\u2019in hizmet verdi\u011fi sekt\u00f6rler aras\u0131nda \u00e7imento, madencilik, g\u0131da, tar\u0131m, metalurji, ka\u011f\u0131t ve sel\u00fcloz, petrol ve gaz yer almaktad\u0131r.<\/p><p>Ekipmandan hizmete kadar uzanan teknik \u00e7\u00f6z\u00fcmleriyle Dynamis, halihaz\u0131rda k\u00fcresel pazarda bir referans noktas\u0131d\u0131r. M\u00fc\u015fterilere sunulan t\u00fcm teknoloji, inovasyona odakl\u0131 stratejik bir planlaman\u0131n sonucudur. Bu planlama; tan\u0131nm\u0131\u015f i\u015f ortaklar\u0131n\u0131, g\u00fc\u00e7l\u00fc yat\u0131r\u0131mlar\u0131, ara\u015ft\u0131rma projelerini ve sorunlar\u0131 \u00e7\u00f6z\u00fcp sonu\u00e7 \u00fcreten \u00fcst\u00fcn m\u00fchendisleri i\u00e7ermektedir.<\/p><p><a href=\"https:\/\/dynamis-br.com\/c-clay-argila-calcinada-e-moagem\/\" target=\"_blank\" rel=\"noopener\">LOESCHE ve DYNAMIS taraf\u0131ndan geli\u015ftirilen C\/Clay teknolojisi hakk\u0131nda her \u015feyi ke\u015ffedin ve i\u015fletmenize sundu\u011fu avantajlar\u0131 \u00f6\u011frenin.<\/a><\/p>\t\t\t\t\t\t<\/div>\n\t\t\t\t<\/div>\n\t\t\t\t<div class=\"elementor-element elementor-element-81c051c elementor-widget-divider--view-line_text elementor-widget-divider--element-align-center elementor-widget elementor-widget-divider\" data-id=\"81c051c\" data-element_type=\"widget\" data-widget_type=\"divider.default\">\n\t\t\t\t<div class=\"elementor-widget-container\">\n\t\t\t\t\t<div class=\"elementor-divider\">\n\t\t\t<span class=\"elementor-divider-separator\">\n\t\t\t\t\t\t\t<span class=\"elementor-divider__text elementor-divider__element\">\n\t\t\t\t\u00c7\u00f6z\u00fcmler\t\t\t\t<\/span>\n\t\t\t\t\t\t<\/span>\n\t\t<\/div>\n\t\t\t\t<\/div>\n\t\t\t\t<\/div>\n\t\t\t\t\t<\/div>\n\t\t<\/div>\n\t\t\t\t\t\t\t<\/div>\n\t\t<\/section>\n\t\t\t\t<section class=\"elementor-section elementor-top-section elementor-element elementor-element-9c64b29 elementor-section-boxed elementor-section-height-default elementor-section-height-default\" data-id=\"9c64b29\" data-element_type=\"section\">\n\t\t\t\t\t\t<div class=\"elementor-container elementor-column-gap-default\">\n\t\t\t\t\t<div class=\"elementor-column elementor-col-100 elementor-top-column elementor-element elementor-element-937d72b\" data-id=\"937d72b\" data-element_type=\"column\">\n\t\t\t<div class=\"elementor-widget-wrap elementor-element-populated\">\n\t\t\t\t\t\t\t\t<div class=\"elementor-element elementor-element-8424271 elementor-widget elementor-widget-text-editor\" data-id=\"8424271\" data-element_type=\"widget\" data-widget_type=\"text-editor.default\">\n\t\t\t\t<div class=\"elementor-widget-container\">\n\t\t\t\t\t\t\t<p>\u00a0<\/p><p>Web Sitesine Gitmek \u0130\u00e7in <a href=\"https:\/\/dynamis-br.com\/d-flame\/\" target=\"_blank\" rel=\"noopener\"><strong>T\u0131klay\u0131n\u0131z<\/strong><\/a>.<\/p>\t\t\t\t\t\t<\/div>\n\t\t\t\t<\/div>\n\t\t\t\t\t<\/div>\n\t\t<\/div>\n\t\t\t\t\t\t\t<\/div>\n\t\t<\/section>\n\t\t\t\t\t\t\t<\/div>\n\t\t","protected":false},"excerpt":{"rendered":"<p>\u00a0 Anasayfa \/ Dynamis Labore Industries: Brezilya&#8217;n\u0131n Lider Markas\u0131 Dynamis\u2019in T\u00fcrkiye&#8217;deki Resmi Distrib\u00fct\u00f6r\u00fc! Labore Industries olarak, \u00e7imento sekt\u00f6r\u00fcnde Kalsine Kil, Alternatif Yak\u0131tlar i\u00e7in Gazla\u015ft\u0131r\u0131c\u0131 ve alev<span class=\"excerpt-hellip\"> [?]<\/span><\/p>\n","protected":false},"author":1,"featured_media":0,"parent":0,"menu_order":0,"comment_status":"closed","ping_status":"closed","template":"","meta":{"footnotes":""},"class_list":["post-474","page","type-page","status-publish","hentry"],"_links":{"self":[{"href":"https:\/\/laboreindustries.com\/tr\/wp-json\/wp\/v2\/pages\/474","targetHints":{"allow":["GET"]}}],"collection":[{"href":"https:\/\/laboreindustries.com\/tr\/wp-json\/wp\/v2\/pages"}],"about":[{"href":"https:\/\/laboreindustries.com\/tr\/wp-json\/wp\/v2\/types\/page"}],"author":[{"embeddable":true,"href":"https:\/\/laboreindustries.com\/tr\/wp-json\/wp\/v2\/users\/1"}],"replies":[{"embeddable":true,"href":"https:\/\/laboreindustries.com\/tr\/wp-json\/wp\/v2\/comments?post=474"}],"version-history":[{"count":10,"href":"https:\/\/laboreindustries.com\/tr\/wp-json\/wp\/v2\/pages\/474\/revisions"}],"predecessor-version":[{"id":651,"href":"https:\/\/laboreindustries.com\/tr\/wp-json\/wp\/v2\/pages\/474\/revisions\/651"}],"wp:attachment":[{"href":"https:\/\/laboreindustries.com\/tr\/wp-json\/wp\/v2\/media?parent=474"}],"curies":[{"name":"wp","href":"https:\/\/api.w.org\/{rel}","templated":true}]}}