{"id":464,"date":"2025-10-20T19:19:32","date_gmt":"2025-10-20T19:19:32","guid":{"rendered":"https:\/\/laboreindustries.com\/tr\/?page_id=464"},"modified":"2026-04-06T08:04:31","modified_gmt":"2026-04-06T08:04:31","slug":"scheuch","status":"publish","type":"page","link":"https:\/\/laboreindustries.com\/tr\/scheuch\/","title":{"rendered":"Scheuch"},"content":{"rendered":"\t\t<div data-elementor-type=\"wp-page\" data-elementor-id=\"464\" class=\"elementor elementor-464\">\n\t\t\t\t\t\t\t\t\t<section class=\"elementor-section elementor-top-section elementor-element elementor-element-b28c7fc elementor-section-full_width elementor-section-height-min-height elementor-section-stretched elementor-section-content-middle elementor-section-height-default elementor-section-items-middle\" data-id=\"b28c7fc\" data-element_type=\"section\" data-settings=\"{&quot;stretch_section&quot;:&quot;section-stretched&quot;,&quot;background_background&quot;:&quot;slideshow&quot;,&quot;background_slideshow_gallery&quot;:[{&quot;id&quot;:466,&quot;url&quot;:&quot;https:\\\/\\\/laboreindustries.com\\\/tr\\\/wp-content\\\/uploads\\\/2025\\\/10\\\/WhatsApp-Image-2025-10-19-at-14.41.01.jpeg&quot;}],&quot;background_slideshow_loop&quot;:&quot;yes&quot;,&quot;background_slideshow_slide_duration&quot;:5000,&quot;background_slideshow_slide_transition&quot;:&quot;fade&quot;,&quot;background_slideshow_transition_duration&quot;:500}\">\n\t\t\t\t\t\t<div class=\"elementor-container elementor-column-gap-default\">\n\t\t\t\t\t<div class=\"elementor-column elementor-col-100 elementor-top-column elementor-element elementor-element-a8335dc\" data-id=\"a8335dc\" data-element_type=\"column\">\n\t\t\t<div class=\"elementor-widget-wrap elementor-element-populated\">\n\t\t\t\t\t\t\t\t<div class=\"elementor-element elementor-element-681b2ce elementor-widget elementor-widget-text-editor\" data-id=\"681b2ce\" data-element_type=\"widget\" data-widget_type=\"text-editor.default\">\n\t\t\t\t<div class=\"elementor-widget-container\">\n\t\t\t<style>\/*! elementor - v3.12.0 - 29-03-2023 *\/\n.elementor-widget-text-editor.elementor-drop-cap-view-stacked .elementor-drop-cap{background-color:#69727d;color:#fff}.elementor-widget-text-editor.elementor-drop-cap-view-framed .elementor-drop-cap{color:#69727d;border:3px solid;background-color:transparent}.elementor-widget-text-editor:not(.elementor-drop-cap-view-default) .elementor-drop-cap{margin-top:8px}.elementor-widget-text-editor:not(.elementor-drop-cap-view-default) .elementor-drop-cap-letter{width:1em;height:1em}.elementor-widget-text-editor .elementor-drop-cap{float:left;text-align:center;line-height:1;font-size:50px}.elementor-widget-text-editor .elementor-drop-cap-letter{display:inline-block}<\/style>\t\t\t\t<h1 style=\"text-align: center;\"><span style=\"color: #ffffff;\"><span style=\"font-size: 60px;\"><b>\u00a0<\/b><\/span><\/span><\/h1>\n<h5 style=\"text-align: center;\"><span style=\"color: #ffffff;\"><strong style=\"font-size: 15px;\">Anasayfa \/\u00a0<\/strong><\/span><span style=\"color: #ffffff;\"><span style=\"font-size: 15px;\">Scheuch<\/b><\/span><\/span><\/h5>\t\t\t\t\t\t<\/div>\n\t\t\t\t<\/div>\n\t\t\t\t<div class=\"elementor-element elementor-element-5e9a793 elementor-widget elementor-widget-spacer\" data-id=\"5e9a793\" data-element_type=\"widget\" data-widget_type=\"spacer.default\">\n\t\t\t\t<div class=\"elementor-widget-container\">\n\t\t\t<style>\/*! elementor - v3.12.0 - 29-03-2023 *\/\n.elementor-column .elementor-spacer-inner{height:var(--spacer-size)}.e-con{--container-widget-width:100%}.e-con-inner>.elementor-widget-spacer,.e-con>.elementor-widget-spacer{width:var(--container-widget-width,var(--spacer-size));--align-self:var(--container-widget-align-self,initial);--flex-shrink:0}.e-con-inner>.elementor-widget-spacer>.elementor-widget-container,.e-con-inner>.elementor-widget-spacer>.elementor-widget-container>.elementor-spacer,.e-con>.elementor-widget-spacer>.elementor-widget-container,.e-con>.elementor-widget-spacer>.elementor-widget-container>.elementor-spacer{height:100%}.e-con-inner>.elementor-widget-spacer>.elementor-widget-container>.elementor-spacer>.elementor-spacer-inner,.e-con>.elementor-widget-spacer>.elementor-widget-container>.elementor-spacer>.elementor-spacer-inner{height:var(--container-widget-height,var(--spacer-size))}<\/style>\t\t<div class=\"elementor-spacer\">\n\t\t\t<div class=\"elementor-spacer-inner\"><\/div>\n\t\t<\/div>\n\t\t\t\t<\/div>\n\t\t\t\t<\/div>\n\t\t\t\t\t<\/div>\n\t\t<\/div>\n\t\t\t\t\t\t\t<\/div>\n\t\t<\/section>\n\t\t\t\t<section class=\"elementor-section elementor-top-section elementor-element elementor-element-acfbd80 elementor-section-boxed elementor-section-height-default elementor-section-height-default\" data-id=\"acfbd80\" data-element_type=\"section\">\n\t\t\t\t\t\t<div class=\"elementor-container elementor-column-gap-default\">\n\t\t\t\t\t<div class=\"elementor-column elementor-col-100 elementor-top-column elementor-element elementor-element-45460a6\" data-id=\"45460a6\" data-element_type=\"column\">\n\t\t\t<div class=\"elementor-widget-wrap elementor-element-populated\">\n\t\t\t\t\t\t\t\t<div class=\"elementor-element elementor-element-ff4de82 elementor-widget elementor-widget-text-editor\" data-id=\"ff4de82\" data-element_type=\"widget\" data-widget_type=\"text-editor.default\">\n\t\t\t\t<div class=\"elementor-widget-container\">\n\t\t\t\t\t\t\t<p><strong>Labore Industries: Avusturya&#8217;n\u0131n Lider Markas\u0131 Scheuch&#8217;un T\u00fcrkiye&#8217;deki Resmi Distrib\u00fct\u00f6r\u00fc!<\/strong><\/p><p>Labore Industries olarak, end\u00fcstriyel hava kirlili\u011fi kontrol sistemlerinde k\u00fcresel olarak tan\u0131nan bir marka olan Scheuch&#8217;un T\u00fcrkiye&#8217;deki resmi distrib\u00fct\u00f6r\u00fcy\u00fcz. Y\u00fcksek performansl\u0131 ve dayan\u0131kl\u0131 sistemleriyle Scheuch, en y\u00fcksek end\u00fcstri standartlar\u0131n\u0131 kar\u015f\u0131layan yenilik\u00e7i \u00e7\u00f6z\u00fcmler sunarak \u00f6ne \u00e7\u0131k\u0131yor.<\/p><p>M\u00fc\u015fterilerimize en iyi hizmeti sunmak i\u00e7in Scheuch&#8217;un kapsaml\u0131 \u00fcr\u00fcn yelpazesini teknik deste\u011fimiz ve profesyonel ekibimizin uzmanl\u0131\u011f\u0131yla birle\u015ftiriyoruz. Y\u00fcksek kaliteli, g\u00fcvenilir ve verimli end\u00fcstriyel hava kirlili\u011fi kontrol \u00e7\u00f6z\u00fcmleri i\u00e7in bizimle ileti\u015fime ge\u00e7mekten \u00e7ekinmeyin.<\/p><p><strong>Labore Industries \u2013 Scheuch&#8217;un G\u00fcc\u00fc, T\u00fcrkiye&#8217;nin G\u00fcvencesi!<\/strong><\/p><p>\u00a0<\/p>\t\t\t\t\t\t<\/div>\n\t\t\t\t<\/div>\n\t\t\t\t<div class=\"elementor-element elementor-element-03c4f17 elementor-widget-divider--view-line_text elementor-widget-divider--element-align-center elementor-widget elementor-widget-divider\" data-id=\"03c4f17\" data-element_type=\"widget\" data-widget_type=\"divider.default\">\n\t\t\t\t<div class=\"elementor-widget-container\">\n\t\t\t<style>\/*! elementor - v3.12.0 - 29-03-2023 *\/\n.elementor-widget-divider{--divider-border-style:none;--divider-border-width:1px;--divider-color:#0c0d0e;--divider-icon-size:20px;--divider-element-spacing:10px;--divider-pattern-height:24px;--divider-pattern-size:20px;--divider-pattern-url:none;--divider-pattern-repeat:repeat-x}.elementor-widget-divider .elementor-divider{display:flex}.elementor-widget-divider .elementor-divider__text{font-size:15px;line-height:1;max-width:95%}.elementor-widget-divider .elementor-divider__element{margin:0 var(--divider-element-spacing);flex-shrink:0}.elementor-widget-divider .elementor-icon{font-size:var(--divider-icon-size)}.elementor-widget-divider .elementor-divider-separator{display:flex;margin:0;direction:ltr}.elementor-widget-divider--view-line_icon .elementor-divider-separator,.elementor-widget-divider--view-line_text .elementor-divider-separator{align-items:center}.elementor-widget-divider--view-line_icon .elementor-divider-separator:after,.elementor-widget-divider--view-line_icon .elementor-divider-separator:before,.elementor-widget-divider--view-line_text .elementor-divider-separator:after,.elementor-widget-divider--view-line_text .elementor-divider-separator:before{display:block;content:\"\";border-bottom:0;flex-grow:1;border-top:var(--divider-border-width) var(--divider-border-style) var(--divider-color)}.elementor-widget-divider--element-align-left .elementor-divider .elementor-divider-separator>.elementor-divider__svg:first-of-type{flex-grow:0;flex-shrink:100}.elementor-widget-divider--element-align-left .elementor-divider-separator:before{content:none}.elementor-widget-divider--element-align-left .elementor-divider__element{margin-left:0}.elementor-widget-divider--element-align-right .elementor-divider .elementor-divider-separator>.elementor-divider__svg:last-of-type{flex-grow:0;flex-shrink:100}.elementor-widget-divider--element-align-right .elementor-divider-separator:after{content:none}.elementor-widget-divider--element-align-right .elementor-divider__element{margin-right:0}.elementor-widget-divider:not(.elementor-widget-divider--view-line_text):not(.elementor-widget-divider--view-line_icon) .elementor-divider-separator{border-top:var(--divider-border-width) var(--divider-border-style) var(--divider-color)}.elementor-widget-divider--separator-type-pattern{--divider-border-style:none}.elementor-widget-divider--separator-type-pattern.elementor-widget-divider--view-line .elementor-divider-separator,.elementor-widget-divider--separator-type-pattern:not(.elementor-widget-divider--view-line) .elementor-divider-separator:after,.elementor-widget-divider--separator-type-pattern:not(.elementor-widget-divider--view-line) .elementor-divider-separator:before,.elementor-widget-divider--separator-type-pattern:not([class*=elementor-widget-divider--view]) .elementor-divider-separator{width:100%;min-height:var(--divider-pattern-height);-webkit-mask-size:var(--divider-pattern-size) 100%;mask-size:var(--divider-pattern-size) 100%;-webkit-mask-repeat:var(--divider-pattern-repeat);mask-repeat:var(--divider-pattern-repeat);background-color:var(--divider-color);-webkit-mask-image:var(--divider-pattern-url);mask-image:var(--divider-pattern-url)}.elementor-widget-divider--no-spacing{--divider-pattern-size:auto}.elementor-widget-divider--bg-round{--divider-pattern-repeat:round}.rtl .elementor-widget-divider .elementor-divider__text{direction:rtl}.e-con-inner>.elementor-widget-divider,.e-con>.elementor-widget-divider{width:var(--container-widget-width,100%);--flex-grow:var(--container-widget-flex-grow)}<\/style>\t\t<div class=\"elementor-divider\">\n\t\t\t<span class=\"elementor-divider-separator\">\n\t\t\t\t\t\t\t<span class=\"elementor-divider__text elementor-divider__element\">\n\t\t\t\tHakk\u0131nda\t\t\t\t<\/span>\n\t\t\t\t\t\t<\/span>\n\t\t<\/div>\n\t\t\t\t<\/div>\n\t\t\t\t<\/div>\n\t\t\t\t<div class=\"elementor-element elementor-element-67727f3 elementor-widget elementor-widget-text-editor\" data-id=\"67727f3\" data-element_type=\"widget\" data-widget_type=\"text-editor.default\">\n\t\t\t\t<div class=\"elementor-widget-container\">\n\t\t\t\t\t\t\t<p>Scheuch, bir\u00e7ok sekt\u00f6rde pazarda lider bir konuma sahip lider bir uzmand\u0131r ve m\u00fc\u015fterilerine hava ve \u00e7evre teknolojisi sorunlar\u0131na uygulamaya \u00f6zel, y\u00fcksek kaliteli \u00e7\u00f6z\u00fcmler sunmaktad\u0131r.<\/p><p><strong>Temiz hava teknolojisi<\/strong><\/p><p>Scheuch, yenilik\u00e7i hava kirlili\u011fi kontrol teknolojileriyle \u00e7evre korumas\u0131na katk\u0131da bulunmaktad\u0131r. \u015eirket, hava ve \u00e7evre teknolojisi alan\u0131nda, kirleticilerin ve ince tozun end\u00fcstriyel emisyonlar\u0131n\u0131 azaltmaya odaklanarak, y\u00fcksek kaliteli, uygulamaya \u00f6zg\u00fc \u00e7\u00f6z\u00fcmler sunmaktad\u0131r. Scheuch, verimli toz toplama, pn\u00f6matik ta\u015f\u0131ma ve uygun maliyetli egzoz ve baca gaz\u0131 temizleme sistemleri de dahil olmak \u00fczere \u00e7e\u015fitli end\u00fcstriler i\u00e7in kapsaml\u0131 bir \u00e7\u00f6z\u00fcm yelpazesi sunmaktad\u0131r. Bir tesis \u00fcreticisi olarak Scheuch, sat\u0131\u015f, proje y\u00f6netimi, tasar\u0131m, ara\u015ft\u0131rma ve geli\u015ftirme, \u00fcretim, kurulum, devreye alma ve sat\u0131\u015f sonras\u0131 hizmete kadar t\u00fcm de\u011fer zincirini \u015firket b\u00fcnyesinde y\u00f6netmektedir.<\/p><p>1963 y\u0131l\u0131nda kurulan Scheuch GmbH, d\u00fcnya \u00e7ap\u0131nda lider bir teknoloji \u015firketi ve 1.500&#8217;den fazla \u00e7al\u0131\u015fan\u0131 olan ve ba\u011fl\u0131 \u015firketleri arac\u0131l\u0131\u011f\u0131yla d\u00fcnya \u00e7ap\u0131nda faaliyet g\u00f6steren Scheuch Grubu&#8217;nun bir par\u00e7as\u0131d\u0131r.<\/p><p><a href=\"https:\/\/scheuch-industrial-solutions.com\/en\/\" target=\"_blank\" rel=\"noopener\"><strong>Scheuch \u00dcr\u00fcnleri <\/strong><\/a><\/p>\t\t\t\t\t\t<\/div>\n\t\t\t\t<\/div>\n\t\t\t\t\t<\/div>\n\t\t<\/div>\n\t\t\t\t\t\t\t<\/div>\n\t\t<\/section>\n\t\t\t\t\t\t\t<\/div>\n\t\t","protected":false},"excerpt":{"rendered":"<p>\u00a0 Anasayfa \/\u00a0Scheuch Labore Industries: Avusturya&#8217;n\u0131n Lider Markas\u0131 Scheuch&#8217;un T\u00fcrkiye&#8217;deki Resmi Distrib\u00fct\u00f6r\u00fc! Labore Industries olarak, end\u00fcstriyel hava kirlili\u011fi kontrol sistemlerinde k\u00fcresel olarak tan\u0131nan bir marka olan<span class=\"excerpt-hellip\"> [?]<\/span><\/p>\n","protected":false},"author":1,"featured_media":0,"parent":0,"menu_order":0,"comment_status":"closed","ping_status":"closed","template":"","meta":{"footnotes":""},"class_list":["post-464","page","type-page","status-publish","hentry"],"_links":{"self":[{"href":"https:\/\/laboreindustries.com\/tr\/wp-json\/wp\/v2\/pages\/464","targetHints":{"allow":["GET"]}}],"collection":[{"href":"https:\/\/laboreindustries.com\/tr\/wp-json\/wp\/v2\/pages"}],"about":[{"href":"https:\/\/laboreindustries.com\/tr\/wp-json\/wp\/v2\/types\/page"}],"author":[{"embeddable":true,"href":"https:\/\/laboreindustries.com\/tr\/wp-json\/wp\/v2\/users\/1"}],"replies":[{"embeddable":true,"href":"https:\/\/laboreindustries.com\/tr\/wp-json\/wp\/v2\/comments?post=464"}],"version-history":[{"count":7,"href":"https:\/\/laboreindustries.com\/tr\/wp-json\/wp\/v2\/pages\/464\/revisions"}],"predecessor-version":[{"id":648,"href":"https:\/\/laboreindustries.com\/tr\/wp-json\/wp\/v2\/pages\/464\/revisions\/648"}],"wp:attachment":[{"href":"https:\/\/laboreindustries.com\/tr\/wp-json\/wp\/v2\/media?parent=464"}],"curies":[{"name":"wp","href":"https:\/\/api.w.org\/{rel}","templated":true}]}}