{"id":414,"date":"2025-07-25T18:46:18","date_gmt":"2025-07-25T18:46:18","guid":{"rendered":"https:\/\/laboreindustries.com\/tr\/?page_id=414"},"modified":"2026-04-06T08:03:43","modified_gmt":"2026-04-06T08:03:43","slug":"atec","status":"publish","type":"page","link":"https:\/\/laboreindustries.com\/tr\/atec\/","title":{"rendered":"ATEC"},"content":{"rendered":"\t\t<div data-elementor-type=\"wp-page\" data-elementor-id=\"414\" class=\"elementor elementor-414\">\n\t\t\t\t\t\t\t\t\t<section class=\"elementor-section elementor-top-section elementor-element elementor-element-a677595 elementor-section-full_width elementor-section-height-min-height elementor-section-stretched elementor-section-content-middle elementor-section-height-default elementor-section-items-middle\" data-id=\"a677595\" data-element_type=\"section\" data-settings=\"{&quot;stretch_section&quot;:&quot;section-stretched&quot;,&quot;background_background&quot;:&quot;slideshow&quot;,&quot;background_slideshow_gallery&quot;:[{&quot;id&quot;:416,&quot;url&quot;:&quot;https:\\\/\\\/laboreindustries.com\\\/tr\\\/wp-content\\\/uploads\\\/2025\\\/07\\\/maybe-atec-main-2.jpg&quot;}],&quot;background_slideshow_loop&quot;:&quot;yes&quot;,&quot;background_slideshow_slide_duration&quot;:5000,&quot;background_slideshow_slide_transition&quot;:&quot;fade&quot;,&quot;background_slideshow_transition_duration&quot;:500}\">\n\t\t\t\t\t\t<div class=\"elementor-container elementor-column-gap-default\">\n\t\t\t\t\t<div class=\"elementor-column elementor-col-100 elementor-top-column elementor-element elementor-element-946ec4f\" data-id=\"946ec4f\" data-element_type=\"column\">\n\t\t\t<div class=\"elementor-widget-wrap elementor-element-populated\">\n\t\t\t\t\t\t\t\t<div class=\"elementor-element elementor-element-2bbd563 elementor-widget elementor-widget-text-editor\" data-id=\"2bbd563\" data-element_type=\"widget\" data-widget_type=\"text-editor.default\">\n\t\t\t\t<div class=\"elementor-widget-container\">\n\t\t\t<style>\/*! elementor - v3.12.0 - 29-03-2023 *\/\n.elementor-widget-text-editor.elementor-drop-cap-view-stacked .elementor-drop-cap{background-color:#69727d;color:#fff}.elementor-widget-text-editor.elementor-drop-cap-view-framed .elementor-drop-cap{color:#69727d;border:3px solid;background-color:transparent}.elementor-widget-text-editor:not(.elementor-drop-cap-view-default) .elementor-drop-cap{margin-top:8px}.elementor-widget-text-editor:not(.elementor-drop-cap-view-default) .elementor-drop-cap-letter{width:1em;height:1em}.elementor-widget-text-editor .elementor-drop-cap{float:left;text-align:center;line-height:1;font-size:50px}.elementor-widget-text-editor .elementor-drop-cap-letter{display:inline-block}<\/style>\t\t\t\t<h1 style=\"text-align: center;\"><span style=\"color: #ffffff;\"><span style=\"font-size: 60px;\"><b>\u00a0\u00a0<\/b><\/span><\/span><\/h1><h5 style=\"text-align: center;\"><span style=\"color: #ffffff;\"><strong style=\"font-size: 15px;\">Anasayfa \/ A TEC<\/strong><\/span><\/h5>\t\t\t\t\t\t<\/div>\n\t\t\t\t<\/div>\n\t\t\t\t<div class=\"elementor-element elementor-element-49c373e elementor-widget elementor-widget-spacer\" data-id=\"49c373e\" data-element_type=\"widget\" data-widget_type=\"spacer.default\">\n\t\t\t\t<div class=\"elementor-widget-container\">\n\t\t\t<style>\/*! elementor - v3.12.0 - 29-03-2023 *\/\n.elementor-column .elementor-spacer-inner{height:var(--spacer-size)}.e-con{--container-widget-width:100%}.e-con-inner>.elementor-widget-spacer,.e-con>.elementor-widget-spacer{width:var(--container-widget-width,var(--spacer-size));--align-self:var(--container-widget-align-self,initial);--flex-shrink:0}.e-con-inner>.elementor-widget-spacer>.elementor-widget-container,.e-con-inner>.elementor-widget-spacer>.elementor-widget-container>.elementor-spacer,.e-con>.elementor-widget-spacer>.elementor-widget-container,.e-con>.elementor-widget-spacer>.elementor-widget-container>.elementor-spacer{height:100%}.e-con-inner>.elementor-widget-spacer>.elementor-widget-container>.elementor-spacer>.elementor-spacer-inner,.e-con>.elementor-widget-spacer>.elementor-widget-container>.elementor-spacer>.elementor-spacer-inner{height:var(--container-widget-height,var(--spacer-size))}<\/style>\t\t<div class=\"elementor-spacer\">\n\t\t\t<div class=\"elementor-spacer-inner\"><\/div>\n\t\t<\/div>\n\t\t\t\t<\/div>\n\t\t\t\t<\/div>\n\t\t\t\t\t<\/div>\n\t\t<\/div>\n\t\t\t\t\t\t\t<\/div>\n\t\t<\/section>\n\t\t\t\t<section class=\"elementor-section elementor-top-section elementor-element elementor-element-02a3477 elementor-section-boxed elementor-section-height-default elementor-section-height-default\" data-id=\"02a3477\" data-element_type=\"section\">\n\t\t\t\t\t\t<div class=\"elementor-container elementor-column-gap-default\">\n\t\t\t\t\t<div class=\"elementor-column elementor-col-100 elementor-top-column elementor-element elementor-element-4ae2996\" data-id=\"4ae2996\" data-element_type=\"column\">\n\t\t\t<div class=\"elementor-widget-wrap elementor-element-populated\">\n\t\t\t\t\t\t\t\t<div class=\"elementor-element elementor-element-590e042 elementor-widget elementor-widget-text-editor\" data-id=\"590e042\" data-element_type=\"widget\" data-widget_type=\"text-editor.default\">\n\t\t\t\t<div class=\"elementor-widget-container\">\n\t\t\t\t\t\t\t<p><strong>Labore Industries: Avusturya&#8217;n\u0131n Lider Markas\u0131 A TEC\u2019in T\u00fcrkiye&#8217;deki Resmi Distrib\u00fct\u00f6r\u00fc!<\/strong><\/p><p>Labore Industries olarak, \u00e7imento sekt\u00f6r\u00fcnde pyroproses sistemleri alan\u0131nda d\u00fcnya \u00e7ap\u0131nda tan\u0131nan bir marka olan A TEC&#8217;in T\u00fcrkiye&#8217;deki resmi distrib\u00fct\u00f6r\u00fcy\u00fcz. Y\u00fcksek performansl\u0131, dayan\u0131kl\u0131 sistemleri, yetenekli m\u00fchendisli\u011fi ve birinci s\u0131n\u0131f teknolojisiyle A TEC, en y\u00fcksek end\u00fcstri standartlar\u0131n\u0131 kar\u015f\u0131layan yenilik\u00e7i \u00e7\u00f6z\u00fcmler sunarak \u00f6ne \u00e7\u0131k\u0131yor.<\/p><p>M\u00fc\u015fterilerimize en iyi hizmeti sunmak i\u00e7in, A TEC&#8217;in kapsaml\u0131 \u00fcr\u00fcn ve m\u00fchendislik yelpazesini teknik deste\u011fimiz ve profesyonel ekibimizin uzmanl\u0131\u011f\u0131yla birle\u015ftiriyoruz. Y\u00fcksek kaliteli, g\u00fcvenilir ve verimli pyroproses \u00e7\u00f6z\u00fcmleri i\u00e7in bizimle ileti\u015fime ge\u00e7mekten \u00e7ekinmeyin.<\/p><p><strong>Labore Industries \u2013 A TEC\u2019in G\u00fcc\u00fc, T\u00fcrkiye&#8217;nin G\u00fcvencesi!<\/strong><\/p>\t\t\t\t\t\t<\/div>\n\t\t\t\t<\/div>\n\t\t\t\t<div class=\"elementor-element elementor-element-5b64de9 elementor-widget-divider--view-line_text elementor-widget-divider--element-align-center elementor-widget elementor-widget-divider\" data-id=\"5b64de9\" data-element_type=\"widget\" data-widget_type=\"divider.default\">\n\t\t\t\t<div class=\"elementor-widget-container\">\n\t\t\t<style>\/*! elementor - v3.12.0 - 29-03-2023 *\/\n.elementor-widget-divider{--divider-border-style:none;--divider-border-width:1px;--divider-color:#0c0d0e;--divider-icon-size:20px;--divider-element-spacing:10px;--divider-pattern-height:24px;--divider-pattern-size:20px;--divider-pattern-url:none;--divider-pattern-repeat:repeat-x}.elementor-widget-divider .elementor-divider{display:flex}.elementor-widget-divider .elementor-divider__text{font-size:15px;line-height:1;max-width:95%}.elementor-widget-divider .elementor-divider__element{margin:0 var(--divider-element-spacing);flex-shrink:0}.elementor-widget-divider .elementor-icon{font-size:var(--divider-icon-size)}.elementor-widget-divider .elementor-divider-separator{display:flex;margin:0;direction:ltr}.elementor-widget-divider--view-line_icon .elementor-divider-separator,.elementor-widget-divider--view-line_text .elementor-divider-separator{align-items:center}.elementor-widget-divider--view-line_icon .elementor-divider-separator:after,.elementor-widget-divider--view-line_icon .elementor-divider-separator:before,.elementor-widget-divider--view-line_text .elementor-divider-separator:after,.elementor-widget-divider--view-line_text .elementor-divider-separator:before{display:block;content:\"\";border-bottom:0;flex-grow:1;border-top:var(--divider-border-width) var(--divider-border-style) var(--divider-color)}.elementor-widget-divider--element-align-left .elementor-divider .elementor-divider-separator>.elementor-divider__svg:first-of-type{flex-grow:0;flex-shrink:100}.elementor-widget-divider--element-align-left .elementor-divider-separator:before{content:none}.elementor-widget-divider--element-align-left .elementor-divider__element{margin-left:0}.elementor-widget-divider--element-align-right .elementor-divider .elementor-divider-separator>.elementor-divider__svg:last-of-type{flex-grow:0;flex-shrink:100}.elementor-widget-divider--element-align-right .elementor-divider-separator:after{content:none}.elementor-widget-divider--element-align-right .elementor-divider__element{margin-right:0}.elementor-widget-divider:not(.elementor-widget-divider--view-line_text):not(.elementor-widget-divider--view-line_icon) .elementor-divider-separator{border-top:var(--divider-border-width) var(--divider-border-style) var(--divider-color)}.elementor-widget-divider--separator-type-pattern{--divider-border-style:none}.elementor-widget-divider--separator-type-pattern.elementor-widget-divider--view-line .elementor-divider-separator,.elementor-widget-divider--separator-type-pattern:not(.elementor-widget-divider--view-line) .elementor-divider-separator:after,.elementor-widget-divider--separator-type-pattern:not(.elementor-widget-divider--view-line) .elementor-divider-separator:before,.elementor-widget-divider--separator-type-pattern:not([class*=elementor-widget-divider--view]) .elementor-divider-separator{width:100%;min-height:var(--divider-pattern-height);-webkit-mask-size:var(--divider-pattern-size) 100%;mask-size:var(--divider-pattern-size) 100%;-webkit-mask-repeat:var(--divider-pattern-repeat);mask-repeat:var(--divider-pattern-repeat);background-color:var(--divider-color);-webkit-mask-image:var(--divider-pattern-url);mask-image:var(--divider-pattern-url)}.elementor-widget-divider--no-spacing{--divider-pattern-size:auto}.elementor-widget-divider--bg-round{--divider-pattern-repeat:round}.rtl .elementor-widget-divider .elementor-divider__text{direction:rtl}.e-con-inner>.elementor-widget-divider,.e-con>.elementor-widget-divider{width:var(--container-widget-width,100%);--flex-grow:var(--container-widget-flex-grow)}<\/style>\t\t<div class=\"elementor-divider\">\n\t\t\t<span class=\"elementor-divider-separator\">\n\t\t\t\t\t\t\t<span class=\"elementor-divider__text elementor-divider__element\">\n\t\t\t\tHakk\u0131nda\t\t\t\t<\/span>\n\t\t\t\t\t\t<\/span>\n\t\t<\/div>\n\t\t\t\t<\/div>\n\t\t\t\t<\/div>\n\t\t\t\t<div class=\"elementor-element elementor-element-3846d07 elementor-widget elementor-widget-text-editor\" data-id=\"3846d07\" data-element_type=\"widget\" data-widget_type=\"text-editor.default\">\n\t\t\t\t<div class=\"elementor-widget-container\">\n\t\t\t\t\t\t\t<p>A TEC Grubu, \u00e7imento fabrikalar\u0131n\u0131n optimizasyonu ve verimlili\u011finin art\u0131r\u0131lmas\u0131na odaklanan Avusturyal\u0131 bir m\u00fchendislik ve teknoloji \u015firketidir. A TEC&#8217;in temel yetkinli\u011fi, \u00e7imento f\u0131r\u0131n\u0131n\u0131n piroprosesinde yatmaktad\u0131r. A TEC&#8217;in uzmanl\u0131\u011f\u0131, optimum proses ve mekanik tasar\u0131mdan yak\u0131t optimizasyonuna ve alternatif yak\u0131t uygulamalar\u0131na kadar uzanmaktad\u0131r.<\/p><p>A TEC&#8217;in ba\u011fl\u0131 kurulu\u015fu &#8220;A TEC GRECO Combustion Services&#8221; ile \u015firket, son y\u0131llarda \u00f6zellikle neredeyse her t\u00fcrl\u00fc alternatif yak\u0131t\u0131 yakmak i\u00e7in olduk\u00e7a karma\u015f\u0131k bir tasar\u0131mla daha da geli\u015ftirilen, f\u0131r\u0131n ve kalsinat\u00f6r i\u00e7in son teknoloji \u00fcr\u00fcn\u00fc, y\u00fcksek verimli br\u00fcl\u00f6rler de sunmaktad\u0131r. En yeni nesil Y\u00fcksek Momentumlu D\u00fc\u015f\u00fck NOx br\u00fcl\u00f6r teknolojisi, g\u00fcn\u00fcm\u00fcz \u00e7imento f\u0131r\u0131n\u0131 yanmas\u0131n\u0131n zorlu gereksinimlerini kar\u015f\u0131lamakta ve hatta a\u015fmaktad\u0131r.<\/p><p>A TEC&#8217;in temel faaliyet alan\u0131 olan \u00e7imento fabrikas\u0131 optimizasyonunun yan\u0131 s\u0131ra, A TEC, Greenfield ve Brownfield projeleri (\u00f6rne\u011fin EPCM) i\u00e7in dan\u0131\u015fmanl\u0131k, genel proje y\u00f6netimi ve denetimi sa\u011flamakta olup, ihale s\u00fcrecinde destek ve \u00e7evresel ve di\u011fer yerel norm ve standartlar konusunda destek sa\u011flamaktad\u0131r.<\/p><p><strong>\u00c7evresel Dengenin \u0130yile\u015ftirilmesi<\/strong><\/p><p><strong>A TEC&#8217;de s\u00fcrd\u00fcr\u00fclebilirlik y\u00fcksek \u00f6nceli\u011fe sahiptir.<\/strong><\/p><p>Modern ve yenilik\u00e7i teknolojilerin d\u00fcnya \u00e7ap\u0131nda lider proses bilgi birikimiyle bir araya getirilmesi, \u00e7imento end\u00fcstrisindeki \u00e7evresel etkilerin azalt\u0131lmas\u0131 i\u00e7in \u00f6nemli bir potansiyel sunmaktad\u0131r. A TEC&#8217;in proses bilgi birikimi sayesinde, bypass tozu miktarlar\u0131n\u0131n azalt\u0131lmas\u0131, fosil yak\u0131t kullan\u0131m\u0131n\u0131n azalt\u0131lmas\u0131 ve proseste veya serbest piyasada yeniden kullan\u0131lmak \u00fczere ger\u00e7ek kaynaklar\u0131n geri d\u00f6n\u00fc\u015ft\u00fcr\u00fclmesi m\u00fcmk\u00fcn hale gelmektedir.<\/p><p>A TEC Web Sitesine Gitmek \u0130\u00e7in <a href=\"https:\/\/www.atec-ltd.com\/en\/\" target=\"_blank\" rel=\"noopener\">T\u0131klay\u0131n\u0131z<\/a>.<\/p>\t\t\t\t\t\t<\/div>\n\t\t\t\t<\/div>\n\t\t\t\t\t<\/div>\n\t\t<\/div>\n\t\t\t\t\t\t\t<\/div>\n\t\t<\/section>\n\t\t\t\t\t\t\t<\/div>\n\t\t","protected":false},"excerpt":{"rendered":"<p>\u00a0\u00a0 Anasayfa \/ A TEC Labore Industries: Avusturya&#8217;n\u0131n Lider Markas\u0131 A TEC\u2019in T\u00fcrkiye&#8217;deki Resmi Distrib\u00fct\u00f6r\u00fc! Labore Industries olarak, \u00e7imento sekt\u00f6r\u00fcnde pyroproses sistemleri alan\u0131nda d\u00fcnya \u00e7ap\u0131nda tan\u0131nan<span class=\"excerpt-hellip\"> [?]<\/span><\/p>\n","protected":false},"author":1,"featured_media":0,"parent":0,"menu_order":0,"comment_status":"closed","ping_status":"closed","template":"","meta":{"footnotes":""},"class_list":["post-414","page","type-page","status-publish","hentry"],"_links":{"self":[{"href":"https:\/\/laboreindustries.com\/tr\/wp-json\/wp\/v2\/pages\/414","targetHints":{"allow":["GET"]}}],"collection":[{"href":"https:\/\/laboreindustries.com\/tr\/wp-json\/wp\/v2\/pages"}],"about":[{"href":"https:\/\/laboreindustries.com\/tr\/wp-json\/wp\/v2\/types\/page"}],"author":[{"embeddable":true,"href":"https:\/\/laboreindustries.com\/tr\/wp-json\/wp\/v2\/users\/1"}],"replies":[{"embeddable":true,"href":"https:\/\/laboreindustries.com\/tr\/wp-json\/wp\/v2\/comments?post=414"}],"version-history":[{"count":13,"href":"https:\/\/laboreindustries.com\/tr\/wp-json\/wp\/v2\/pages\/414\/revisions"}],"predecessor-version":[{"id":642,"href":"https:\/\/laboreindustries.com\/tr\/wp-json\/wp\/v2\/pages\/414\/revisions\/642"}],"wp:attachment":[{"href":"https:\/\/laboreindustries.com\/tr\/wp-json\/wp\/v2\/media?parent=414"}],"curies":[{"name":"wp","href":"https:\/\/api.w.org\/{rel}","templated":true}]}}