{"id":396,"date":"2025-07-25T18:27:20","date_gmt":"2025-07-25T18:27:20","guid":{"rendered":"https:\/\/laboreindustries.com\/tr\/?page_id=396"},"modified":"2026-04-06T08:03:28","modified_gmt":"2026-04-06T08:03:28","slug":"ruhfus","status":"publish","type":"page","link":"https:\/\/laboreindustries.com\/tr\/ruhfus\/","title":{"rendered":"Ruhfus"},"content":{"rendered":"\t\t<div data-elementor-type=\"wp-page\" data-elementor-id=\"396\" class=\"elementor elementor-396\">\n\t\t\t\t\t\t\t\t\t<section class=\"elementor-section elementor-top-section elementor-element elementor-element-b28c7fc elementor-section-full_width elementor-section-height-min-height elementor-section-stretched elementor-section-content-middle elementor-section-height-default elementor-section-items-middle\" data-id=\"b28c7fc\" data-element_type=\"section\" data-settings=\"{&quot;stretch_section&quot;:&quot;section-stretched&quot;,&quot;background_background&quot;:&quot;slideshow&quot;,&quot;background_slideshow_gallery&quot;:[{&quot;id&quot;:399,&quot;url&quot;:&quot;https:\\\/\\\/laboreindustries.com\\\/tr\\\/wp-content\\\/uploads\\\/2025\\\/07\\\/Ruhfus-Main-Page.png&quot;}],&quot;background_slideshow_loop&quot;:&quot;yes&quot;,&quot;background_slideshow_slide_duration&quot;:5000,&quot;background_slideshow_slide_transition&quot;:&quot;fade&quot;,&quot;background_slideshow_transition_duration&quot;:500}\">\n\t\t\t\t\t\t<div class=\"elementor-container elementor-column-gap-default\">\n\t\t\t\t\t<div class=\"elementor-column elementor-col-100 elementor-top-column elementor-element elementor-element-a8335dc\" data-id=\"a8335dc\" data-element_type=\"column\">\n\t\t\t<div class=\"elementor-widget-wrap elementor-element-populated\">\n\t\t\t\t\t\t\t\t<div class=\"elementor-element elementor-element-681b2ce elementor-widget elementor-widget-text-editor\" data-id=\"681b2ce\" data-element_type=\"widget\" data-widget_type=\"text-editor.default\">\n\t\t\t\t<div class=\"elementor-widget-container\">\n\t\t\t<style>\/*! elementor - v3.12.0 - 29-03-2023 *\/\n.elementor-widget-text-editor.elementor-drop-cap-view-stacked .elementor-drop-cap{background-color:#69727d;color:#fff}.elementor-widget-text-editor.elementor-drop-cap-view-framed .elementor-drop-cap{color:#69727d;border:3px solid;background-color:transparent}.elementor-widget-text-editor:not(.elementor-drop-cap-view-default) .elementor-drop-cap{margin-top:8px}.elementor-widget-text-editor:not(.elementor-drop-cap-view-default) .elementor-drop-cap-letter{width:1em;height:1em}.elementor-widget-text-editor .elementor-drop-cap{float:left;text-align:center;line-height:1;font-size:50px}.elementor-widget-text-editor .elementor-drop-cap-letter{display:inline-block}<\/style>\t\t\t\t<h1 style=\"text-align: center;\"><span style=\"color: #ffffff;\"><span style=\"font-size: 60px;\"><b>\u00a0<\/b><\/span><\/span><\/h1><h5 style=\"text-align: center;\"><span style=\"color: #ffffff;\"><strong style=\"font-size: 15px;\">Anasayfa \/\u00a0<\/strong><\/span><span style=\"color: #ffffff;\"><span style=\"font-size: 15px;\"><b>Ruhfus<\/b><\/span><\/span><\/h5>\t\t\t\t\t\t<\/div>\n\t\t\t\t<\/div>\n\t\t\t\t<div class=\"elementor-element elementor-element-5e9a793 elementor-widget elementor-widget-spacer\" data-id=\"5e9a793\" data-element_type=\"widget\" data-widget_type=\"spacer.default\">\n\t\t\t\t<div class=\"elementor-widget-container\">\n\t\t\t<style>\/*! elementor - v3.12.0 - 29-03-2023 *\/\n.elementor-column .elementor-spacer-inner{height:var(--spacer-size)}.e-con{--container-widget-width:100%}.e-con-inner>.elementor-widget-spacer,.e-con>.elementor-widget-spacer{width:var(--container-widget-width,var(--spacer-size));--align-self:var(--container-widget-align-self,initial);--flex-shrink:0}.e-con-inner>.elementor-widget-spacer>.elementor-widget-container,.e-con-inner>.elementor-widget-spacer>.elementor-widget-container>.elementor-spacer,.e-con>.elementor-widget-spacer>.elementor-widget-container,.e-con>.elementor-widget-spacer>.elementor-widget-container>.elementor-spacer{height:100%}.e-con-inner>.elementor-widget-spacer>.elementor-widget-container>.elementor-spacer>.elementor-spacer-inner,.e-con>.elementor-widget-spacer>.elementor-widget-container>.elementor-spacer>.elementor-spacer-inner{height:var(--container-widget-height,var(--spacer-size))}<\/style>\t\t<div class=\"elementor-spacer\">\n\t\t\t<div class=\"elementor-spacer-inner\"><\/div>\n\t\t<\/div>\n\t\t\t\t<\/div>\n\t\t\t\t<\/div>\n\t\t\t\t\t<\/div>\n\t\t<\/div>\n\t\t\t\t\t\t\t<\/div>\n\t\t<\/section>\n\t\t\t\t<section class=\"elementor-section elementor-top-section elementor-element elementor-element-acfbd80 elementor-section-boxed elementor-section-height-default elementor-section-height-default\" data-id=\"acfbd80\" data-element_type=\"section\">\n\t\t\t\t\t\t<div class=\"elementor-container elementor-column-gap-default\">\n\t\t\t\t\t<div class=\"elementor-column elementor-col-100 elementor-top-column elementor-element elementor-element-45460a6\" data-id=\"45460a6\" data-element_type=\"column\">\n\t\t\t<div class=\"elementor-widget-wrap elementor-element-populated\">\n\t\t\t\t\t\t\t\t<div class=\"elementor-element elementor-element-ff4de82 elementor-widget elementor-widget-text-editor\" data-id=\"ff4de82\" data-element_type=\"widget\" data-widget_type=\"text-editor.default\">\n\t\t\t\t<div class=\"elementor-widget-container\">\n\t\t\t\t\t\t\t<p><strong>Labore Industries: Almanya&#8217;n\u0131n Lider Markas\u0131 Ruhfus\u2019un T\u00fcrkiye&#8217;deki Resmi Distrib\u00fct\u00f6r\u00fc!<\/strong><\/p><p>Labore Industries olarak, end\u00fcstriyel hidrolik silindir sistemlerinde k\u00fcresel olarak tan\u0131nan bir marka olan Ruhfus\u2019un T\u00fcrkiye&#8217;deki resmi distrib\u00fct\u00f6r\u00fcy\u00fcz. Y\u00fcksek performansl\u0131 ve dayan\u0131kl\u0131 sistemleriyle Ruhfus, en y\u00fcksek end\u00fcstri standartlar\u0131n\u0131 kar\u015f\u0131layan yenilik\u00e7i \u00e7\u00f6z\u00fcmler sunarak \u00f6ne \u00e7\u0131k\u0131yor.<\/p><p>M\u00fc\u015fterilerimize en iyi hizmeti sunmak i\u00e7in Ruhfus\u2019un kapsaml\u0131 \u00fcr\u00fcn yelpazesini teknik deste\u011fimiz ve profesyonel ekibimizin uzmanl\u0131\u011f\u0131yla birle\u015ftiriyoruz. Y\u00fcksek kaliteli, g\u00fcvenilir ve verimli end\u00fcstriyel hidrolik silindir \u00e7\u00f6z\u00fcmleri i\u00e7in bizimle ileti\u015fime ge\u00e7mekten \u00e7ekinmeyin.<\/p><p><strong>Labore Industries \u2013 Ruhfus\u2019un G\u00fcc\u00fc, T\u00fcrkiye&#8217;nin G\u00fcvencesi!<\/strong><\/p>\t\t\t\t\t\t<\/div>\n\t\t\t\t<\/div>\n\t\t\t\t<div class=\"elementor-element elementor-element-03c4f17 elementor-widget-divider--view-line_text elementor-widget-divider--element-align-center elementor-widget elementor-widget-divider\" data-id=\"03c4f17\" data-element_type=\"widget\" data-widget_type=\"divider.default\">\n\t\t\t\t<div class=\"elementor-widget-container\">\n\t\t\t<style>\/*! elementor - v3.12.0 - 29-03-2023 *\/\n.elementor-widget-divider{--divider-border-style:none;--divider-border-width:1px;--divider-color:#0c0d0e;--divider-icon-size:20px;--divider-element-spacing:10px;--divider-pattern-height:24px;--divider-pattern-size:20px;--divider-pattern-url:none;--divider-pattern-repeat:repeat-x}.elementor-widget-divider .elementor-divider{display:flex}.elementor-widget-divider .elementor-divider__text{font-size:15px;line-height:1;max-width:95%}.elementor-widget-divider .elementor-divider__element{margin:0 var(--divider-element-spacing);flex-shrink:0}.elementor-widget-divider .elementor-icon{font-size:var(--divider-icon-size)}.elementor-widget-divider .elementor-divider-separator{display:flex;margin:0;direction:ltr}.elementor-widget-divider--view-line_icon .elementor-divider-separator,.elementor-widget-divider--view-line_text .elementor-divider-separator{align-items:center}.elementor-widget-divider--view-line_icon .elementor-divider-separator:after,.elementor-widget-divider--view-line_icon .elementor-divider-separator:before,.elementor-widget-divider--view-line_text .elementor-divider-separator:after,.elementor-widget-divider--view-line_text .elementor-divider-separator:before{display:block;content:\"\";border-bottom:0;flex-grow:1;border-top:var(--divider-border-width) var(--divider-border-style) var(--divider-color)}.elementor-widget-divider--element-align-left .elementor-divider .elementor-divider-separator>.elementor-divider__svg:first-of-type{flex-grow:0;flex-shrink:100}.elementor-widget-divider--element-align-left .elementor-divider-separator:before{content:none}.elementor-widget-divider--element-align-left .elementor-divider__element{margin-left:0}.elementor-widget-divider--element-align-right .elementor-divider .elementor-divider-separator>.elementor-divider__svg:last-of-type{flex-grow:0;flex-shrink:100}.elementor-widget-divider--element-align-right .elementor-divider-separator:after{content:none}.elementor-widget-divider--element-align-right .elementor-divider__element{margin-right:0}.elementor-widget-divider:not(.elementor-widget-divider--view-line_text):not(.elementor-widget-divider--view-line_icon) .elementor-divider-separator{border-top:var(--divider-border-width) var(--divider-border-style) var(--divider-color)}.elementor-widget-divider--separator-type-pattern{--divider-border-style:none}.elementor-widget-divider--separator-type-pattern.elementor-widget-divider--view-line .elementor-divider-separator,.elementor-widget-divider--separator-type-pattern:not(.elementor-widget-divider--view-line) .elementor-divider-separator:after,.elementor-widget-divider--separator-type-pattern:not(.elementor-widget-divider--view-line) .elementor-divider-separator:before,.elementor-widget-divider--separator-type-pattern:not([class*=elementor-widget-divider--view]) .elementor-divider-separator{width:100%;min-height:var(--divider-pattern-height);-webkit-mask-size:var(--divider-pattern-size) 100%;mask-size:var(--divider-pattern-size) 100%;-webkit-mask-repeat:var(--divider-pattern-repeat);mask-repeat:var(--divider-pattern-repeat);background-color:var(--divider-color);-webkit-mask-image:var(--divider-pattern-url);mask-image:var(--divider-pattern-url)}.elementor-widget-divider--no-spacing{--divider-pattern-size:auto}.elementor-widget-divider--bg-round{--divider-pattern-repeat:round}.rtl .elementor-widget-divider .elementor-divider__text{direction:rtl}.e-con-inner>.elementor-widget-divider,.e-con>.elementor-widget-divider{width:var(--container-widget-width,100%);--flex-grow:var(--container-widget-flex-grow)}<\/style>\t\t<div class=\"elementor-divider\">\n\t\t\t<span class=\"elementor-divider-separator\">\n\t\t\t\t\t\t\t<span class=\"elementor-divider__text elementor-divider__element\">\n\t\t\t\tHakk\u0131nda\t\t\t\t<\/span>\n\t\t\t\t\t\t<\/span>\n\t\t<\/div>\n\t\t\t\t<\/div>\n\t\t\t\t<\/div>\n\t\t\t\t<div class=\"elementor-element elementor-element-67727f3 elementor-widget elementor-widget-text-editor\" data-id=\"67727f3\" data-element_type=\"widget\" data-widget_type=\"text-editor.default\">\n\t\t\t\t<div class=\"elementor-widget-container\">\n\t\t\t\t\t\t\t<p><strong>RUHFUS Systemhydraulik, onlarca y\u0131ld\u0131r en y\u00fcksek kaliteli hidrolik \u00e7\u00f6z\u00fcmlerde liderdir ve hassasiyet ve g\u00fcvenilirli\u011fiyle bilinir. Art\u0131k LOESCHE Grubu&#8217;nun bir par\u00e7as\u0131 olan Ruhfus markas\u0131, uzman bilgisini yenilik\u00e7i \u00e7\u00f6z\u00fcmlerle birle\u015ftirerek kendi standartlar\u0131m\u0131z\u0131 ve \u00e7e\u015fitli sekt\u00f6rlerdeki m\u00fc\u015fterilerimizin standartlar\u0131n\u0131 kar\u015f\u0131lar.<\/strong><\/p><p><strong>RUHFUS Avantajlar\u0131<\/strong><\/p><p><strong>Ola\u011fan\u00fcst\u00fc kan\u0131tlanm\u0131\u015f kalite<\/strong><\/p><ul><li><strong> Yepyeni kendi \u00fcretim tesisimiz<\/strong><\/li><li><strong> En y\u00fcksek kalite i\u00e7in son teknoloji ekipmanlar<\/strong><\/li><li><strong> Ara\u015ft\u0131rma ve geli\u015ftirmenin en ileri noktas\u0131nda kan\u0131tlanm\u0131\u015f malzemeler<\/strong><\/li><li><strong> Kusursuz kalite y\u00f6netimi<\/strong><\/li><li><strong> Basit\u00e7e s\u00f6ylemek gerekirse: RUHFUS, Alman m\u00fchendisli\u011finin en iyisidir!<\/strong><\/li><\/ul><p><strong>M\u00fcmk\u00fcn olan en y\u00fcksek kullan\u0131labilirlik<\/strong><\/p><ul><li><strong> Her soruyu m\u00fcmk\u00fcn olan en k\u0131sa s\u00fcrede yan\u0131tl\u0131yoruz.<\/strong><\/li><li><strong> Amac\u0131m\u0131z, her teklifi 48 saat i\u00e7inde i\u015fleme koymakt\u0131r.<\/strong><\/li><li><strong> \u015eirket i\u00e7i \u00fcretimimiz, k\u0131sa ve g\u00fcvenilir teslimat s\u00fcrelerini garanti eder.<\/strong><\/li><li><strong> Stoklar\u0131m\u0131zda yeterli standart silindir ve yedek par\u00e7a bulunmaktad\u0131r.<\/strong><\/li><\/ul><p><strong>Rekabet\u00e7i fiyatland\u0131rma garantisi<\/strong><\/p><ul><li><strong> M\u00fc\u015fterilerimizle uzun vadeli bir ortakl\u0131k hedefliyoruz, bu nedenle onlar\u0131n memnuniyeti en b\u00fcy\u00fck \u00f6nceli\u011fimizdir.<\/strong><\/li><li><strong> K\u00fcresel tedarik a\u011f\u0131m\u0131z, en iyi hammaddeleri rekabet\u00e7i fiyatlarla sat\u0131n almam\u0131z\u0131 sa\u011flar.<\/strong><\/li><li><strong> Kendi tesislerimizden ve kalifiye ortaklar\u0131m\u0131zdan olu\u015fan uluslararas\u0131 \u00fcretim a\u011f\u0131m\u0131z sayesinde m\u00fc\u015fterilerimize her zaman en iyi fiyat\u0131 sunabiliyoruz.<\/strong><\/li><\/ul><p><strong> <img loading=\"lazy\" decoding=\"async\" class=\"wp-image-398 aligncenter\" src=\"https:\/\/laboreindustries.com\/tr\/wp-content\/uploads\/2025\/07\/Ruhfus-Page-in-300x274.png\" alt=\"\" width=\"397\" height=\"363\" srcset=\"https:\/\/laboreindustries.com\/tr\/wp-content\/uploads\/2025\/07\/Ruhfus-Page-in-300x274.png 300w, https:\/\/laboreindustries.com\/tr\/wp-content\/uploads\/2025\/07\/Ruhfus-Page-in-768x701.png 768w, https:\/\/laboreindustries.com\/tr\/wp-content\/uploads\/2025\/07\/Ruhfus-Page-in-160x146.png 160w, https:\/\/laboreindustries.com\/tr\/wp-content\/uploads\/2025\/07\/Ruhfus-Page-in-50x46.png 50w, https:\/\/laboreindustries.com\/tr\/wp-content\/uploads\/2025\/07\/Ruhfus-Page-in-82x75.png 82w, https:\/\/laboreindustries.com\/tr\/wp-content\/uploads\/2025\/07\/Ruhfus-Page-in.png 785w\" sizes=\"auto, (max-width: 397px) 100vw, 397px\" \/><\/strong><\/p><p style=\"text-align: center;\"><a href=\"https:\/\/www.ruhfus.com\/\" target=\"_blank\" rel=\"noopener\"><strong>Ruhfus Products <\/strong><\/a>\u00a0 \u00a0<a href=\"https:\/\/www.ruhfus.com\/\" target=\"_blank\" rel=\"noopener\"><strong>https:\/\/www.ruhfus.com\/<\/strong><\/a><\/p><p>Ekipman\u0131n\u0131z\u0131n benzersiz gereksinimlerini kar\u015f\u0131lamak \u00fczere \u00f6zel olarak tasarlanm\u0131\u015f, \u00e7e\u015fitli birinci s\u0131n\u0131f hidrolik \u00e7\u00f6z\u00fcmlerimizi ke\u015ffedin. RUHFUS olarak, operasyonlar\u0131n\u0131z\u0131 optimize eden ve verimlili\u011finizi art\u0131ran \u00fcr\u00fcnler sunmak i\u00e7in inovasyonu birinci s\u0131n\u0131f kaliteyle birle\u015ftiriyoruz.<\/p><p><strong>\u00d6zelle\u015ftirilmi\u015f hidrolik silindirler<\/strong><\/p><p>Optimum performans i\u00e7in \u00f6zel olarak tasarlanm\u0131\u015f hidrolik silindirler.<\/p><p><strong>Hidrolik sistemler i\u00e7in yedek par\u00e7alar<\/strong><\/p><p>Hidrolik sisteminizi m\u00fckemmel durumda tutmak i\u00e7in hassas OEM yedek par\u00e7alar.<\/p><p><img loading=\"lazy\" decoding=\"async\" class=\" wp-image-401 aligncenter\" src=\"https:\/\/laboreindustries.com\/tr\/wp-content\/uploads\/2025\/07\/xt-300x197.jpg\" alt=\"\" width=\"407\" height=\"268\" srcset=\"https:\/\/laboreindustries.com\/tr\/wp-content\/uploads\/2025\/07\/xt-300x197.jpg 300w, https:\/\/laboreindustries.com\/tr\/wp-content\/uploads\/2025\/07\/xt-768x505.jpg 768w, https:\/\/laboreindustries.com\/tr\/wp-content\/uploads\/2025\/07\/xt-222x146.jpg 222w, https:\/\/laboreindustries.com\/tr\/wp-content\/uploads\/2025\/07\/xt-50x33.jpg 50w, https:\/\/laboreindustries.com\/tr\/wp-content\/uploads\/2025\/07\/xt-114x75.jpg 114w, https:\/\/laboreindustries.com\/tr\/wp-content\/uploads\/2025\/07\/xt.jpg 931w\" sizes=\"auto, (max-width: 407px) 100vw, 407px\" \/><\/p><p><strong>Komple yedek silindirler<\/strong><\/p><p>T\u00fcm RUHFUS uygulamalar\u0131 i\u00e7in optimum \u00e7al\u0131\u015fma ve minimum ar\u0131za s\u00fcresi i\u00e7in y\u00fcksek kaliteli yedek silindirler.<\/p><p><strong>Yenilenmi\u015f silindirler<\/strong><\/p><p>En y\u00fcksek kalite standartlar\u0131n\u0131 kar\u015f\u0131layan, maliyet tasarrufu sa\u011flayan ve kaynaklar\u0131 koruyan s\u00fcrd\u00fcr\u00fclebilir \u015fekilde yenilenmi\u015f silindirler.<\/p>\t\t\t\t\t\t<\/div>\n\t\t\t\t<\/div>\n\t\t\t\t\t<\/div>\n\t\t<\/div>\n\t\t\t\t\t\t\t<\/div>\n\t\t<\/section>\n\t\t\t\t\t\t\t<\/div>\n\t\t","protected":false},"excerpt":{"rendered":"<p>\u00a0 Anasayfa \/\u00a0Ruhfus Labore Industries: Almanya&#8217;n\u0131n Lider Markas\u0131 Ruhfus\u2019un T\u00fcrkiye&#8217;deki Resmi Distrib\u00fct\u00f6r\u00fc! Labore Industries olarak, end\u00fcstriyel hidrolik silindir sistemlerinde k\u00fcresel olarak tan\u0131nan bir marka olan Ruhfus\u2019un<span class=\"excerpt-hellip\"> [?]<\/span><\/p>\n","protected":false},"author":1,"featured_media":0,"parent":0,"menu_order":0,"comment_status":"closed","ping_status":"closed","template":"","meta":{"footnotes":""},"class_list":["post-396","page","type-page","status-publish","hentry"],"_links":{"self":[{"href":"https:\/\/laboreindustries.com\/tr\/wp-json\/wp\/v2\/pages\/396","targetHints":{"allow":["GET"]}}],"collection":[{"href":"https:\/\/laboreindustries.com\/tr\/wp-json\/wp\/v2\/pages"}],"about":[{"href":"https:\/\/laboreindustries.com\/tr\/wp-json\/wp\/v2\/types\/page"}],"author":[{"embeddable":true,"href":"https:\/\/laboreindustries.com\/tr\/wp-json\/wp\/v2\/users\/1"}],"replies":[{"embeddable":true,"href":"https:\/\/laboreindustries.com\/tr\/wp-json\/wp\/v2\/comments?post=396"}],"version-history":[{"count":13,"href":"https:\/\/laboreindustries.com\/tr\/wp-json\/wp\/v2\/pages\/396\/revisions"}],"predecessor-version":[{"id":639,"href":"https:\/\/laboreindustries.com\/tr\/wp-json\/wp\/v2\/pages\/396\/revisions\/639"}],"wp:attachment":[{"href":"https:\/\/laboreindustries.com\/tr\/wp-json\/wp\/v2\/media?parent=396"}],"curies":[{"name":"wp","href":"https:\/\/api.w.org\/{rel}","templated":true}]}}