{"id":386,"date":"2025-06-23T07:04:08","date_gmt":"2025-06-23T07:04:08","guid":{"rendered":"https:\/\/laboreindustries.com\/tr\/?page_id=386"},"modified":"2026-04-06T08:03:07","modified_gmt":"2026-04-06T08:03:07","slug":"loesche","status":"publish","type":"page","link":"https:\/\/laboreindustries.com\/tr\/loesche\/","title":{"rendered":"Loesche"},"content":{"rendered":"\t\t<div data-elementor-type=\"wp-page\" data-elementor-id=\"386\" class=\"elementor elementor-386\">\n\t\t\t\t\t\t\t\t\t<section class=\"elementor-section elementor-top-section elementor-element elementor-element-f6a5cf5 elementor-section-full_width elementor-section-height-min-height elementor-section-stretched elementor-section-content-middle elementor-section-height-default elementor-section-items-middle\" data-id=\"f6a5cf5\" data-element_type=\"section\" data-settings=\"{&quot;stretch_section&quot;:&quot;section-stretched&quot;,&quot;background_background&quot;:&quot;slideshow&quot;,&quot;background_slideshow_gallery&quot;:[{&quot;id&quot;:388,&quot;url&quot;:&quot;https:\\\/\\\/laboreindustries.com\\\/tr\\\/wp-content\\\/uploads\\\/2025\\\/06\\\/72653b96-44ce-456c-a8ab-4e139ee0c0c1.jpg&quot;}],&quot;background_slideshow_loop&quot;:&quot;yes&quot;,&quot;background_slideshow_slide_duration&quot;:5000,&quot;background_slideshow_slide_transition&quot;:&quot;fade&quot;,&quot;background_slideshow_transition_duration&quot;:500}\">\n\t\t\t\t\t\t<div class=\"elementor-container elementor-column-gap-default\">\n\t\t\t\t\t<div class=\"elementor-column elementor-col-100 elementor-top-column elementor-element elementor-element-a7a2eb4\" data-id=\"a7a2eb4\" data-element_type=\"column\">\n\t\t\t<div class=\"elementor-widget-wrap elementor-element-populated\">\n\t\t\t\t\t\t\t\t<div class=\"elementor-element elementor-element-fbb0e35 elementor-widget elementor-widget-text-editor\" data-id=\"fbb0e35\" data-element_type=\"widget\" data-widget_type=\"text-editor.default\">\n\t\t\t\t<div class=\"elementor-widget-container\">\n\t\t\t<style>\/*! elementor - v3.12.0 - 29-03-2023 *\/\n.elementor-widget-text-editor.elementor-drop-cap-view-stacked .elementor-drop-cap{background-color:#69727d;color:#fff}.elementor-widget-text-editor.elementor-drop-cap-view-framed .elementor-drop-cap{color:#69727d;border:3px solid;background-color:transparent}.elementor-widget-text-editor:not(.elementor-drop-cap-view-default) .elementor-drop-cap{margin-top:8px}.elementor-widget-text-editor:not(.elementor-drop-cap-view-default) .elementor-drop-cap-letter{width:1em;height:1em}.elementor-widget-text-editor .elementor-drop-cap{float:left;text-align:center;line-height:1;font-size:50px}.elementor-widget-text-editor .elementor-drop-cap-letter{display:inline-block}<\/style>\t\t\t\t<h1 style=\"text-align: center;\"><span style=\"color: #ffffff;\"><span style=\"font-size: 60px;\"><b>\u00a0<\/b><\/span><\/span><\/h1><h5 style=\"text-align: center;\"><span style=\"color: #ffffff;\"><strong style=\"font-size: 15px;\">Anasayfa \/ Loesche<\/strong><\/span><\/h5>\t\t\t\t\t\t<\/div>\n\t\t\t\t<\/div>\n\t\t\t\t<div class=\"elementor-element elementor-element-5003d21 elementor-widget elementor-widget-spacer\" data-id=\"5003d21\" data-element_type=\"widget\" data-widget_type=\"spacer.default\">\n\t\t\t\t<div class=\"elementor-widget-container\">\n\t\t\t<style>\/*! elementor - v3.12.0 - 29-03-2023 *\/\n.elementor-column .elementor-spacer-inner{height:var(--spacer-size)}.e-con{--container-widget-width:100%}.e-con-inner>.elementor-widget-spacer,.e-con>.elementor-widget-spacer{width:var(--container-widget-width,var(--spacer-size));--align-self:var(--container-widget-align-self,initial);--flex-shrink:0}.e-con-inner>.elementor-widget-spacer>.elementor-widget-container,.e-con-inner>.elementor-widget-spacer>.elementor-widget-container>.elementor-spacer,.e-con>.elementor-widget-spacer>.elementor-widget-container,.e-con>.elementor-widget-spacer>.elementor-widget-container>.elementor-spacer{height:100%}.e-con-inner>.elementor-widget-spacer>.elementor-widget-container>.elementor-spacer>.elementor-spacer-inner,.e-con>.elementor-widget-spacer>.elementor-widget-container>.elementor-spacer>.elementor-spacer-inner{height:var(--container-widget-height,var(--spacer-size))}<\/style>\t\t<div class=\"elementor-spacer\">\n\t\t\t<div class=\"elementor-spacer-inner\"><\/div>\n\t\t<\/div>\n\t\t\t\t<\/div>\n\t\t\t\t<\/div>\n\t\t\t\t\t<\/div>\n\t\t<\/div>\n\t\t\t\t\t\t\t<\/div>\n\t\t<\/section>\n\t\t\t\t<section class=\"elementor-section elementor-top-section elementor-element elementor-element-c7b2815 elementor-section-boxed elementor-section-height-default elementor-section-height-default\" data-id=\"c7b2815\" data-element_type=\"section\">\n\t\t\t\t\t\t<div class=\"elementor-container elementor-column-gap-default\">\n\t\t\t\t\t<div class=\"elementor-column elementor-col-100 elementor-top-column elementor-element elementor-element-4ea7e36\" data-id=\"4ea7e36\" data-element_type=\"column\">\n\t\t\t<div class=\"elementor-widget-wrap elementor-element-populated\">\n\t\t\t\t\t\t\t\t<div class=\"elementor-element elementor-element-2988494 elementor-widget elementor-widget-text-editor\" data-id=\"2988494\" data-element_type=\"widget\" data-widget_type=\"text-editor.default\">\n\t\t\t\t<div class=\"elementor-widget-container\">\n\t\t\t\t\t\t\t<p>Labore Industries: Almanya&#8217;n\u0131n Lider Markas\u0131 Loesche&#8217;nin T\u00fcrkiye&#8217;deki Resmi Distrib\u00fct\u00f6r\u00fc!<\/p><p>Labore Industries olarak, end\u00fcstriyel \u00f6\u011f\u00fctme ve de\u011firmen sistemlerinde k\u00fcresel olarak tan\u0131nan bir marka olan Loesche&#8217;nin T\u00fcrkiye&#8217;deki resmi distrib\u00fct\u00f6r\u00fcy\u00fcz. Y\u00fcksek performansl\u0131 ve dayan\u0131kl\u0131 sistemleriyle Loesche, en y\u00fcksek end\u00fcstri standartlar\u0131n\u0131 kar\u015f\u0131layan yenilik\u00e7i \u00e7\u00f6z\u00fcmler sunarak \u00f6ne \u00e7\u0131k\u0131yor.<\/p><p>M\u00fc\u015fterilerimize en iyi hizmeti sunmak i\u00e7in Loesche&#8217;nin kapsaml\u0131 \u00fcr\u00fcn yelpazesini teknik deste\u011fimiz ve profesyonel ekibimizin uzmanl\u0131\u011f\u0131yla birle\u015ftiriyoruz. Y\u00fcksek kaliteli, g\u00fcvenilir ve verimli end\u00fcstriyel \u00f6\u011f\u00fctme \u00e7\u00f6z\u00fcmleri i\u00e7in bizimle ileti\u015fime ge\u00e7mekten \u00e7ekinmeyin.<\/p><p><strong>Labore Industries \u2013 Loesche&#8217;nin G\u00fcc\u00fc, T\u00fcrkiye&#8217;nin G\u00fcvencesi!<\/strong><\/p>\t\t\t\t\t\t<\/div>\n\t\t\t\t<\/div>\n\t\t\t\t<div class=\"elementor-element elementor-element-705c282 elementor-widget-divider--view-line_text elementor-widget-divider--element-align-center elementor-widget elementor-widget-divider\" data-id=\"705c282\" data-element_type=\"widget\" data-widget_type=\"divider.default\">\n\t\t\t\t<div class=\"elementor-widget-container\">\n\t\t\t<style>\/*! elementor - v3.12.0 - 29-03-2023 *\/\n.elementor-widget-divider{--divider-border-style:none;--divider-border-width:1px;--divider-color:#0c0d0e;--divider-icon-size:20px;--divider-element-spacing:10px;--divider-pattern-height:24px;--divider-pattern-size:20px;--divider-pattern-url:none;--divider-pattern-repeat:repeat-x}.elementor-widget-divider .elementor-divider{display:flex}.elementor-widget-divider .elementor-divider__text{font-size:15px;line-height:1;max-width:95%}.elementor-widget-divider .elementor-divider__element{margin:0 var(--divider-element-spacing);flex-shrink:0}.elementor-widget-divider .elementor-icon{font-size:var(--divider-icon-size)}.elementor-widget-divider .elementor-divider-separator{display:flex;margin:0;direction:ltr}.elementor-widget-divider--view-line_icon .elementor-divider-separator,.elementor-widget-divider--view-line_text .elementor-divider-separator{align-items:center}.elementor-widget-divider--view-line_icon .elementor-divider-separator:after,.elementor-widget-divider--view-line_icon .elementor-divider-separator:before,.elementor-widget-divider--view-line_text .elementor-divider-separator:after,.elementor-widget-divider--view-line_text .elementor-divider-separator:before{display:block;content:\"\";border-bottom:0;flex-grow:1;border-top:var(--divider-border-width) var(--divider-border-style) var(--divider-color)}.elementor-widget-divider--element-align-left .elementor-divider .elementor-divider-separator>.elementor-divider__svg:first-of-type{flex-grow:0;flex-shrink:100}.elementor-widget-divider--element-align-left .elementor-divider-separator:before{content:none}.elementor-widget-divider--element-align-left .elementor-divider__element{margin-left:0}.elementor-widget-divider--element-align-right .elementor-divider .elementor-divider-separator>.elementor-divider__svg:last-of-type{flex-grow:0;flex-shrink:100}.elementor-widget-divider--element-align-right .elementor-divider-separator:after{content:none}.elementor-widget-divider--element-align-right .elementor-divider__element{margin-right:0}.elementor-widget-divider:not(.elementor-widget-divider--view-line_text):not(.elementor-widget-divider--view-line_icon) .elementor-divider-separator{border-top:var(--divider-border-width) var(--divider-border-style) var(--divider-color)}.elementor-widget-divider--separator-type-pattern{--divider-border-style:none}.elementor-widget-divider--separator-type-pattern.elementor-widget-divider--view-line .elementor-divider-separator,.elementor-widget-divider--separator-type-pattern:not(.elementor-widget-divider--view-line) .elementor-divider-separator:after,.elementor-widget-divider--separator-type-pattern:not(.elementor-widget-divider--view-line) .elementor-divider-separator:before,.elementor-widget-divider--separator-type-pattern:not([class*=elementor-widget-divider--view]) .elementor-divider-separator{width:100%;min-height:var(--divider-pattern-height);-webkit-mask-size:var(--divider-pattern-size) 100%;mask-size:var(--divider-pattern-size) 100%;-webkit-mask-repeat:var(--divider-pattern-repeat);mask-repeat:var(--divider-pattern-repeat);background-color:var(--divider-color);-webkit-mask-image:var(--divider-pattern-url);mask-image:var(--divider-pattern-url)}.elementor-widget-divider--no-spacing{--divider-pattern-size:auto}.elementor-widget-divider--bg-round{--divider-pattern-repeat:round}.rtl .elementor-widget-divider .elementor-divider__text{direction:rtl}.e-con-inner>.elementor-widget-divider,.e-con>.elementor-widget-divider{width:var(--container-widget-width,100%);--flex-grow:var(--container-widget-flex-grow)}<\/style>\t\t<div class=\"elementor-divider\">\n\t\t\t<span class=\"elementor-divider-separator\">\n\t\t\t\t\t\t\t<span class=\"elementor-divider__text elementor-divider__element\">\n\t\t\t\tHakk\u0131nda\t\t\t\t<\/span>\n\t\t\t\t\t\t<\/span>\n\t\t<\/div>\n\t\t\t\t<\/div>\n\t\t\t\t<\/div>\n\t\t\t\t<div class=\"elementor-element elementor-element-14b2309 elementor-widget elementor-widget-text-editor\" data-id=\"14b2309\" data-element_type=\"widget\" data-widget_type=\"text-editor.default\">\n\t\t\t\t<div class=\"elementor-widget-container\">\n\t\t\t\t\t\t\t<p>LOESCHE, KAL\u0130TEL\u0130 \u00c7\u00d6Z\u00dcMLER SUNULAN GELENEKSEL B\u0130R FABR\u0130KA M\u00dcHEND\u0130SL\u0130\u011e\u0130 \u015e\u0130RKET\u0130D\u0130R.<\/p><ul><li><strong>GELENEK<\/strong><\/li><\/ul><p>Loesche, 1906 y\u0131l\u0131nda Berlin&#8217;de kurulan, sahibi taraf\u0131ndan y\u00f6netilen, ihracata y\u00f6nelik bir \u015firkettir. \u015eirket bug\u00fcn D\u00fcsseldorf&#8217;taki merkez ofisinden faaliyet g\u00f6stermektedir ve d\u00fcnya \u00e7ap\u0131nda yan kurulu\u015flar\u0131, temsilcileri ve acenteleri bulunmaktad\u0131r.<\/p><p>Loesche, bug\u00fcn hala Loesche de\u011firmenleri olarak bilinen ilk yayl\u0131 hava ak\u0131\u015fl\u0131 de\u011firmenleri 1928 y\u0131l\u0131nda in\u015fa etmi\u015ftir. G\u00fcn\u00fcm\u00fczde Loesche dikey de\u011firmenleri, k\u00f6m\u00fcr, \u00e7imento hammaddeleri, gran\u00fcle c\u00fcruf, end\u00fcstriyel mineraller ve cevherleri kuru \u00f6\u011f\u00fctmek i\u00e7in kullan\u0131lan bir\u00e7ok tesisin \u00e7ekirde\u011fini olu\u015fturmaktad\u0131r.<\/p><ul><li><strong>BUG\u00dcN<\/strong><\/li><\/ul><p>\u00c7imento end\u00fcstrisi i\u00e7in 2 ila 1000 t\/h kapasiteli \u00f6\u011f\u00fctme tesisleri ve sert ve linyit k\u00f6m\u00fcr\u00fc santralleri i\u00e7in kendili\u011finden inert, merkezi k\u00f6m\u00fcr \u00f6\u011f\u00fctme tesisleri sayesinde Loesche, dikey de\u011firmenler ve anahtar teslimi \u00f6\u011f\u00fctme de\u011firmenleri i\u00e7in k\u00fcresel pazar lideridir.<\/p><p>Loesche, gerekli i\u015flem ad\u0131mlar\u0131 i\u00e7in ayr\u0131 ayr\u0131 planlanm\u0131\u015f ve in\u015fa edilmi\u015f anahtar teslimi tesisler tedarik etmektedir. Bunlara i\u015fleme, malzeme depolama, ta\u015f\u0131ma ve teslimat tesisleri, dikey de\u011firmenler, s\u0131cak gaz jenerat\u00f6rleri, filtre ve ay\u0131r\u0131c\u0131 sistemleri, komple otomasyon teknolojisi, yer \u00fcst\u00fc ve yer alt\u0131 in\u015faat\u0131n t\u00fcm y\u00f6nleri i\u00e7in tesisler, \u00e7elik konstr\u00fcksiyon ve boru sistemleri dahildir.<\/p><p>\u015eirket EN ISO 9001 sertifikas\u0131na sahiptir ve \u00f6\u011f\u00fctme tesislerinin kendisi ulusal ve uluslararas\u0131 g\u00fcvenlik y\u00f6netmeliklerine uygundur.<\/p><p>\u015eu anda Almanya&#8217;da Loesche i\u00e7in 400&#8217;den fazla ki\u015fi \u00e7al\u0131\u015f\u0131yor ve d\u00fcnya \u00e7ap\u0131nda yakla\u015f\u0131k 850 ki\u015fi istihdam ediliyor.<\/p>\t\t\t\t\t\t<\/div>\n\t\t\t\t<\/div>\n\t\t\t\t<div class=\"elementor-element elementor-element-81c051c elementor-widget-divider--view-line_text elementor-widget-divider--element-align-center elementor-widget elementor-widget-divider\" data-id=\"81c051c\" data-element_type=\"widget\" data-widget_type=\"divider.default\">\n\t\t\t\t<div class=\"elementor-widget-container\">\n\t\t\t\t\t<div class=\"elementor-divider\">\n\t\t\t<span class=\"elementor-divider-separator\">\n\t\t\t\t\t\t\t<span class=\"elementor-divider__text elementor-divider__element\">\n\t\t\t\t\u00c7\u00f6z\u00fcmler\t\t\t\t<\/span>\n\t\t\t\t\t\t<\/span>\n\t\t<\/div>\n\t\t\t\t<\/div>\n\t\t\t\t<\/div>\n\t\t\t\t\t<\/div>\n\t\t<\/div>\n\t\t\t\t\t\t\t<\/div>\n\t\t<\/section>\n\t\t\t\t<section class=\"elementor-section elementor-top-section elementor-element elementor-element-9c64b29 elementor-section-boxed elementor-section-height-default elementor-section-height-default\" data-id=\"9c64b29\" data-element_type=\"section\">\n\t\t\t\t\t\t<div class=\"elementor-container elementor-column-gap-default\">\n\t\t\t\t\t<div class=\"elementor-column elementor-col-100 elementor-top-column elementor-element elementor-element-937d72b\" data-id=\"937d72b\" data-element_type=\"column\">\n\t\t\t<div class=\"elementor-widget-wrap elementor-element-populated\">\n\t\t\t\t\t\t\t\t<div class=\"elementor-element elementor-element-8424271 elementor-widget elementor-widget-text-editor\" data-id=\"8424271\" data-element_type=\"widget\" data-widget_type=\"text-editor.default\">\n\t\t\t\t<div class=\"elementor-widget-container\">\n\t\t\t\t\t\t\t<p>D\u0130NL\u0130YORUZ. B\u0130RL\u0130KTE D\u00dc\u015e\u00dcN\u00dcYORUZ. ESNEKL\u0130K G\u00d6STER\u0130YORUZ.<\/p><p>Ki\u015fisel kat\u0131l\u0131m, d\u00fcr\u00fcstl\u00fck ve adalet \u2013 bu \u00f6zellikler t\u00fcm LOESCHE etkile\u015fimlerinin merkezinde yer al\u0131r. Belki de bunun \u015firketimizin ge\u00e7mi\u015fiyle ilgisi vard\u0131r. Son y\u00fczy\u0131ld\u0131r uluslararas\u0131 m\u00fc\u015fterilerimize en son teknoloji \u00f6\u011f\u00fctme teknolojisi sa\u011fl\u0131yoruz.<\/p><p>M\u00fc\u015fterilerimizle birlikte her zaman en iyi \u00e7\u00f6z\u00fcm\u00fc arar\u0131z. Bu hedefe yaln\u0131zca m\u00fckemmel ekip \u00e7al\u0131\u015fmas\u0131, ola\u011fan\u00fcst\u00fc ileti\u015fim ve i\u015f birli\u011fi yoluyla ula\u015fabiliriz. Ba\u015flad\u0131\u011f\u0131m\u0131z her projede yeni zorluklarla y\u00fczle\u015fmeyi ve m\u00fc\u015fterilerimizle ili\u015fkilerimizi derinle\u015ftirmeyi sab\u0131rs\u0131zl\u0131kla bekliyoruz.<\/p><p>Web Sitesine Gitmek \u0130\u00e7in <a href=\"https:\/\/www.loesche.com\/solutions\" target=\"_blank\" rel=\"noopener\"><strong>T\u0131klay\u0131n\u0131z<\/strong><\/a>.<\/p>\t\t\t\t\t\t<\/div>\n\t\t\t\t<\/div>\n\t\t\t\t\t<\/div>\n\t\t<\/div>\n\t\t\t\t\t\t\t<\/div>\n\t\t<\/section>\n\t\t\t\t\t\t\t<\/div>\n\t\t","protected":false},"excerpt":{"rendered":"<p>\u00a0 Anasayfa \/ Loesche Labore Industries: Almanya&#8217;n\u0131n Lider Markas\u0131 Loesche&#8217;nin T\u00fcrkiye&#8217;deki Resmi Distrib\u00fct\u00f6r\u00fc! Labore Industries olarak, end\u00fcstriyel \u00f6\u011f\u00fctme ve de\u011firmen sistemlerinde k\u00fcresel olarak tan\u0131nan bir marka<span class=\"excerpt-hellip\"> [?]<\/span><\/p>\n","protected":false},"author":1,"featured_media":0,"parent":0,"menu_order":0,"comment_status":"closed","ping_status":"closed","template":"","meta":{"footnotes":""},"class_list":["post-386","page","type-page","status-publish","hentry"],"_links":{"self":[{"href":"https:\/\/laboreindustries.com\/tr\/wp-json\/wp\/v2\/pages\/386","targetHints":{"allow":["GET"]}}],"collection":[{"href":"https:\/\/laboreindustries.com\/tr\/wp-json\/wp\/v2\/pages"}],"about":[{"href":"https:\/\/laboreindustries.com\/tr\/wp-json\/wp\/v2\/types\/page"}],"author":[{"embeddable":true,"href":"https:\/\/laboreindustries.com\/tr\/wp-json\/wp\/v2\/users\/1"}],"replies":[{"embeddable":true,"href":"https:\/\/laboreindustries.com\/tr\/wp-json\/wp\/v2\/comments?post=386"}],"version-history":[{"count":10,"href":"https:\/\/laboreindustries.com\/tr\/wp-json\/wp\/v2\/pages\/386\/revisions"}],"predecessor-version":[{"id":636,"href":"https:\/\/laboreindustries.com\/tr\/wp-json\/wp\/v2\/pages\/386\/revisions\/636"}],"wp:attachment":[{"href":"https:\/\/laboreindustries.com\/tr\/wp-json\/wp\/v2\/media?parent=386"}],"curies":[{"name":"wp","href":"https:\/\/api.w.org\/{rel}","templated":true}]}}