{"id":35,"date":"2023-04-03T06:38:36","date_gmt":"2023-04-03T06:38:36","guid":{"rendered":"https:\/\/laboreindustries.com\/tr\/?page_id=35"},"modified":"2025-03-24T11:15:44","modified_gmt":"2025-03-24T11:15:44","slug":"hakkimizda","status":"publish","type":"page","link":"https:\/\/laboreindustries.com\/tr\/hakkimizda\/","title":{"rendered":"Hakk\u0131m\u0131zda"},"content":{"rendered":"\t\t<div data-elementor-type=\"wp-page\" data-elementor-id=\"35\" class=\"elementor elementor-35\">\n\t\t\t\t\t\t\t\t\t<section class=\"elementor-section elementor-top-section elementor-element elementor-element-d7aa629 elementor-section-full_width elementor-section-height-min-height elementor-section-stretched elementor-section-height-default elementor-section-items-middle\" data-id=\"d7aa629\" data-element_type=\"section\" data-settings=\"{&quot;stretch_section&quot;:&quot;section-stretched&quot;,&quot;background_background&quot;:&quot;slideshow&quot;,&quot;background_slideshow_gallery&quot;:[{&quot;id&quot;:79,&quot;url&quot;:&quot;https:\\\/\\\/laboreindustries.com\\\/tr\\\/wp-content\\\/uploads\\\/2025\\\/02\\\/iStock-625800984-scaled.jpg&quot;}],&quot;background_slideshow_loop&quot;:&quot;yes&quot;,&quot;background_slideshow_slide_duration&quot;:5000,&quot;background_slideshow_slide_transition&quot;:&quot;fade&quot;,&quot;background_slideshow_transition_duration&quot;:500}\">\n\t\t\t\t\t\t<div class=\"elementor-container elementor-column-gap-default\">\n\t\t\t\t\t<div class=\"elementor-column elementor-col-100 elementor-top-column elementor-element elementor-element-7305cb5\" data-id=\"7305cb5\" data-element_type=\"column\">\n\t\t\t<div class=\"elementor-widget-wrap elementor-element-populated\">\n\t\t\t\t\t\t\t\t<div class=\"elementor-element elementor-element-3aa4cf3 elementor-widget elementor-widget-text-editor\" data-id=\"3aa4cf3\" data-element_type=\"widget\" data-widget_type=\"text-editor.default\">\n\t\t\t\t<div class=\"elementor-widget-container\">\n\t\t\t<style>\/*! elementor - v3.12.0 - 29-03-2023 *\/\n.elementor-widget-text-editor.elementor-drop-cap-view-stacked .elementor-drop-cap{background-color:#69727d;color:#fff}.elementor-widget-text-editor.elementor-drop-cap-view-framed .elementor-drop-cap{color:#69727d;border:3px solid;background-color:transparent}.elementor-widget-text-editor:not(.elementor-drop-cap-view-default) .elementor-drop-cap{margin-top:8px}.elementor-widget-text-editor:not(.elementor-drop-cap-view-default) .elementor-drop-cap-letter{width:1em;height:1em}.elementor-widget-text-editor .elementor-drop-cap{float:left;text-align:center;line-height:1;font-size:50px}.elementor-widget-text-editor .elementor-drop-cap-letter{display:inline-block}<\/style>\t\t\t\t<h1 style=\"text-align: center;\"><strong><span style=\"color: #ffffff; font-size: 60px;\">Hakk\u0131m\u0131zda<\/span><\/strong><\/h1>\n<h4 style=\"text-align: center;\"><span style=\"color: #ffffff; font-size: 20px;\">Gelece\u011fi \u015eekillendirmek<\/span><\/h4>\n<h5 style=\"text-align: center;\"><span style=\"color: #ffffff;\"><strong style=\"font-size: 15px;\">Anasayfa \/ Hakk\u0131m\u0131zda<\/strong><\/span><\/h5>\t\t\t\t\t\t<\/div>\n\t\t\t\t<\/div>\n\t\t\t\t<div class=\"elementor-element elementor-element-09b47bf elementor-widget elementor-widget-spacer\" data-id=\"09b47bf\" data-element_type=\"widget\" data-widget_type=\"spacer.default\">\n\t\t\t\t<div class=\"elementor-widget-container\">\n\t\t\t<style>\/*! elementor - v3.12.0 - 29-03-2023 *\/\n.elementor-column .elementor-spacer-inner{height:var(--spacer-size)}.e-con{--container-widget-width:100%}.e-con-inner>.elementor-widget-spacer,.e-con>.elementor-widget-spacer{width:var(--container-widget-width,var(--spacer-size));--align-self:var(--container-widget-align-self,initial);--flex-shrink:0}.e-con-inner>.elementor-widget-spacer>.elementor-widget-container,.e-con-inner>.elementor-widget-spacer>.elementor-widget-container>.elementor-spacer,.e-con>.elementor-widget-spacer>.elementor-widget-container,.e-con>.elementor-widget-spacer>.elementor-widget-container>.elementor-spacer{height:100%}.e-con-inner>.elementor-widget-spacer>.elementor-widget-container>.elementor-spacer>.elementor-spacer-inner,.e-con>.elementor-widget-spacer>.elementor-widget-container>.elementor-spacer>.elementor-spacer-inner{height:var(--container-widget-height,var(--spacer-size))}<\/style>\t\t<div class=\"elementor-spacer\">\n\t\t\t<div class=\"elementor-spacer-inner\"><\/div>\n\t\t<\/div>\n\t\t\t\t<\/div>\n\t\t\t\t<\/div>\n\t\t\t\t\t<\/div>\n\t\t<\/div>\n\t\t\t\t\t\t\t<\/div>\n\t\t<\/section>\n\t\t\t\t<section class=\"elementor-section elementor-top-section elementor-element elementor-element-f8fdd1e elementor-section-boxed elementor-section-height-default elementor-section-height-default\" data-id=\"f8fdd1e\" data-element_type=\"section\">\n\t\t\t\t\t\t<div class=\"elementor-container elementor-column-gap-default\">\n\t\t\t\t\t<div class=\"elementor-column elementor-col-100 elementor-top-column elementor-element elementor-element-2213e6e\" data-id=\"2213e6e\" data-element_type=\"column\">\n\t\t\t<div class=\"elementor-widget-wrap elementor-element-populated\">\n\t\t\t\t\t\t\t\t<div class=\"elementor-element elementor-element-729538f elementor-widget elementor-widget-heading\" data-id=\"729538f\" data-element_type=\"widget\" data-widget_type=\"heading.default\">\n\t\t\t\t<div class=\"elementor-widget-container\">\n\t\t\t<style>\/*! elementor - v3.12.0 - 29-03-2023 *\/\n.elementor-heading-title{padding:0;margin:0;line-height:1}.elementor-widget-heading .elementor-heading-title[class*=elementor-size-]>a{color:inherit;font-size:inherit;line-height:inherit}.elementor-widget-heading .elementor-heading-title.elementor-size-small{font-size:15px}.elementor-widget-heading .elementor-heading-title.elementor-size-medium{font-size:19px}.elementor-widget-heading .elementor-heading-title.elementor-size-large{font-size:29px}.elementor-widget-heading .elementor-heading-title.elementor-size-xl{font-size:39px}.elementor-widget-heading .elementor-heading-title.elementor-size-xxl{font-size:59px}<\/style><h3 class=\"elementor-heading-title elementor-size-default\">Hakk\u0131m\u0131zda<\/h3>\t\t<\/div>\n\t\t\t\t<\/div>\n\t\t\t\t<div class=\"elementor-element elementor-element-452eeff elementor-widget elementor-widget-text-editor\" data-id=\"452eeff\" data-element_type=\"widget\" data-widget_type=\"text-editor.default\">\n\t\t\t\t<div class=\"elementor-widget-container\">\n\t\t\t\t\t\t\t<p>\u015eirketimizi, k\u00fcresel makine tedarik\u00e7ileri ile T\u00fcrkiye\u2019deki \u00e7imento \u00fcreticileri aras\u0131ndaki bo\u015flu\u011fu kapatmak ve verimlili\u011fi ile g\u00fcvenilirli\u011fi art\u0131ran y\u00fcksek kaliteli \u00e7\u00f6z\u00fcmler sunmak amac\u0131yla kurduk. \u0130\u015f modelimiz, iki temel s\u00fctun \u00fczerine in\u015fa edilmi\u015ftir: g\u00fc\u00e7l\u00fc bir pazar varl\u0131\u011f\u0131na sahip \u00f6nde gelen makine tedarik\u00e7ilerini temsil etmek ve do\u011frudan sat\u0131n alma, ithalat ve yerel da\u011f\u0131t\u0131m yoluyla sorunsuz pazar eri\u015fimi sa\u011flamak.<\/p><p>En ba\u015f\u0131ndan beri ba\u015far\u0131n\u0131n temelinin g\u00fcven oldu\u011funu biliyorduk. Bu nedenle, hem m\u00fc\u015fterilerimizi hem de tedarik\u00e7ilerimizi destekleyen sa\u011flam bir organizasyon yap\u0131s\u0131 olu\u015fturduk. Yap\u0131m\u0131z, \u00f6zel sat\u0131\u015f ekibi, yedek par\u00e7a ve sipari\u015f i\u015fleme departman\u0131 ile uzmanla\u015fm\u0131\u015f bir servis birimini i\u00e7ermektedir. Kritik yedek ve sarf malzemelerini yerel stoklar\u0131m\u0131zda tutarak, daha h\u0131zl\u0131 yan\u0131t s\u00fcreleri sunuyor ve m\u00fc\u015fterilerimizin \u00fcretim kesintilerini en aza indiriyoruz.<\/p><p>Tedarik\u00e7ilerimiz i\u00e7in ise, T\u00fcrkiye \u00e7imento sekt\u00f6r\u00fcn\u00fcn benzersiz gereksinimlerini anlayan g\u00fcvenilir bir pazar varl\u0131\u011f\u0131 ve stratejik bir i\u015f orta\u011f\u0131 sa\u011fl\u0131yoruz. \u0130\u015f ortaklar\u0131m\u0131z\u0131n her biri en az %25 pazar pay\u0131na sahip, sekt\u00f6rde kendini kan\u0131tlam\u0131\u015f firmalard\u0131r. B\u00f6ylece yaln\u0131zca en \u00fcst d\u00fczey \u00fcreticilerle \u00e7al\u0131\u015f\u0131yoruz.<\/p><p>Derin teknik uzmanl\u0131\u011f\u0131m\u0131z\u0131, g\u00fc\u00e7l\u00fc sekt\u00f6r ba\u011flant\u0131lar\u0131m\u0131z\u0131 ve hizmet m\u00fckemmelli\u011fine olan sars\u0131lmaz ba\u011fl\u0131l\u0131\u011f\u0131m\u0131z\u0131 bir araya getirerek, hem m\u00fc\u015fterilerimiz hem de tedarik\u00e7ilerimiz i\u00e7in de\u011fer yarat\u0131yor ve sekt\u00f6rde yeni standartlar belirliyoruz.<\/p>\t\t\t\t\t\t<\/div>\n\t\t\t\t<\/div>\n\t\t\t\t\t<\/div>\n\t\t<\/div>\n\t\t\t\t\t\t\t<\/div>\n\t\t<\/section>\n\t\t\t\t<section class=\"elementor-section elementor-top-section elementor-element elementor-element-5da600d elementor-section-boxed elementor-section-height-default elementor-section-height-default\" data-id=\"5da600d\" data-element_type=\"section\">\n\t\t\t\t\t\t<div class=\"elementor-container elementor-column-gap-default\">\n\t\t\t\t\t<div class=\"elementor-column elementor-col-100 elementor-top-column elementor-element elementor-element-861ccec\" data-id=\"861ccec\" data-element_type=\"column\">\n\t\t\t<div class=\"elementor-widget-wrap\">\n\t\t\t\t\t\t\t\t\t<\/div>\n\t\t<\/div>\n\t\t\t\t\t\t\t<\/div>\n\t\t<\/section>\n\t\t\t\t\t\t\t<\/div>\n\t\t","protected":false},"excerpt":{"rendered":"<p>Hakk\u0131m\u0131zda Gelece\u011fi \u015eekillendirmek Anasayfa \/ Hakk\u0131m\u0131zda Hakk\u0131m\u0131zda \u015eirketimizi, k\u00fcresel makine tedarik\u00e7ileri ile T\u00fcrkiye\u2019deki \u00e7imento \u00fcreticileri aras\u0131ndaki bo\u015flu\u011fu kapatmak ve verimlili\u011fi ile g\u00fcvenilirli\u011fi art\u0131ran y\u00fcksek kaliteli \u00e7\u00f6z\u00fcmler<span class=\"excerpt-hellip\"> [?]<\/span><\/p>\n","protected":false},"author":1,"featured_media":0,"parent":0,"menu_order":0,"comment_status":"closed","ping_status":"closed","template":"","meta":{"footnotes":""},"class_list":["post-35","page","type-page","status-publish","hentry"],"_links":{"self":[{"href":"https:\/\/laboreindustries.com\/tr\/wp-json\/wp\/v2\/pages\/35","targetHints":{"allow":["GET"]}}],"collection":[{"href":"https:\/\/laboreindustries.com\/tr\/wp-json\/wp\/v2\/pages"}],"about":[{"href":"https:\/\/laboreindustries.com\/tr\/wp-json\/wp\/v2\/types\/page"}],"author":[{"embeddable":true,"href":"https:\/\/laboreindustries.com\/tr\/wp-json\/wp\/v2\/users\/1"}],"replies":[{"embeddable":true,"href":"https:\/\/laboreindustries.com\/tr\/wp-json\/wp\/v2\/comments?post=35"}],"version-history":[{"count":36,"href":"https:\/\/laboreindustries.com\/tr\/wp-json\/wp\/v2\/pages\/35\/revisions"}],"predecessor-version":[{"id":346,"href":"https:\/\/laboreindustries.com\/tr\/wp-json\/wp\/v2\/pages\/35\/revisions\/346"}],"wp:attachment":[{"href":"https:\/\/laboreindustries.com\/tr\/wp-json\/wp\/v2\/media?parent=35"}],"curies":[{"name":"wp","href":"https:\/\/api.w.org\/{rel}","templated":true}]}}